{"id":72,"date":"2015-03-19T12:23:50","date_gmt":"2015-03-19T11:23:50","guid":{"rendered":"http:\/\/ducac.ipu.hr\/project\/?page_id=72"},"modified":"2015-09-20T11:26:27","modified_gmt":"2015-09-20T10:26:27","slug":"people","status":"publish","type":"page","link":"https:\/\/ducac.ipu.hr\/project\/people\/","title":{"rendered":"people"},"content":{"rendered":"<h5>\u00a0people<\/h5>\n<p><a href=\"http:\/\/ducac.ipu.hr\/project\/wp-content\/uploads\/DSCN3044.jpg\"><img loading=\"lazy\" decoding=\"async\" class=\" alignright wp-image-2167 size-large\" src=\"http:\/\/ducac.ipu.hr\/project\/wp-content\/uploads\/DSCN3044-1024x768.jpg\" alt=\"DSCN3044\" width=\"639\" height=\"479\" srcset=\"https:\/\/ducac.ipu.hr\/project\/wp-content\/uploads\/DSCN3044-1024x768.jpg 1024w, https:\/\/ducac.ipu.hr\/project\/wp-content\/uploads\/DSCN3044-240x180.jpg 240w, https:\/\/ducac.ipu.hr\/project\/wp-content\/uploads\/DSCN3044-1600x1200.jpg 1600w, https:\/\/ducac.ipu.hr\/project\/wp-content\/uploads\/DSCN3044-1067x800.jpg 1067w, https:\/\/ducac.ipu.hr\/project\/wp-content\/uploads\/DSCN3044-640x480.jpg 640w\" sizes=\"auto, (max-width: 639px) 100vw, 639px\" \/><\/a><\/p>\n<table id=\"people\" cellspacing=\"3\">\n<tbody>\n<tr>\n<td>project PI<\/td>\n<td><a href=\"http:\/\/ducac.ipu.hr\/project\/people\/ana-plosnic-skaric\/\">Ana Plosni\u0107 \u0160kari\u0107<\/a><\/td>\n<\/tr>\n<tr>\n<td colspan=\"2\"><\/td>\n<\/tr>\n<tr>\n<td>researchers<\/td>\n<td><a title=\"Donatella Calabi\" href=\"http:\/\/ducac.ipu.hr\/project\/people\/donatella-calabi\/\">Donatella Calabi<\/a><\/td>\n<\/tr>\n<tr>\n<td><\/td>\n<td><a href=\"http:\/\/ducac.ipu.hr\/project\/people\/alessandra-ferrighi\/\">Alessandra Ferrighi<\/a><\/td>\n<\/tr>\n<tr>\n<td><\/td>\n<td><a href=\"http:\/\/ducac.ipu.hr\/project\/people\/nada-grujic\/\">Nada Gruji\u0107<\/a><\/td>\n<\/tr>\n<tr>\n<td><\/td>\n<td><a href=\"http:\/\/ducac.ipu.hr\/project\/people\/ana-marinkovic\/\">Ana Marinkovi\u0107<\/a><\/td>\n<\/tr>\n<tr>\n<td><\/td>\n<td><a href=\"http:\/\/ducac.ipu.hr\/project\/people\/danko-zelic\/\">Danko Zeli\u0107<\/a><\/td>\n<\/tr>\n<tr>\n<td colspan=\"2\"><\/td>\n<\/tr>\n<tr>\n<td>doctoral student<\/td>\n<td><a href=\"http:\/\/ducac.ipu.hr\/project\/people\/matko-matija-marusic\/\">Matko Matija Maru\u0161i\u0107<\/a><\/td>\n<\/tr>\n<tr>\n<td colspan=\"2\"><\/td>\n<\/tr>\n<tr>\n<td><\/td>\n<td><\/td>\n<\/tr>\n<tr>\n<td><\/td>\n<td><\/td>\n<\/tr>\n<tr>\n<td><\/td>\n<td><\/td>\n<\/tr>\n<\/tbody>\n<\/table>\n","protected":false},"excerpt":{"rendered":"<p>\u00a0people project PI Ana Plosni\u0107 \u0160kari\u0107 researchers Donatella Calabi Alessandra Ferrighi Nada Gruji\u0107 Ana Marinkovi\u0107 Danko Zeli\u0107 doctoral student Matko Matija Maru\u0161i\u0107<\/p>\n","protected":false},"author":3,"featured_media":0,"parent":0,"menu_order":0,"comment_status":"closed","ping_status":"closed","template":"","meta":{"_monsterinsights_skip_tracking":false,"_monsterinsights_sitenote_active":false,"_monsterinsights_sitenote_note":"","_monsterinsights_sitenote_category":0,"footnotes":""},"class_list":["post-72","page","type-page","status-publish","hentry"],"_links":{"self":[{"href":"https:\/\/ducac.ipu.hr\/project\/wp-json\/wp\/v2\/pages\/72","targetHints":{"allow":["GET"]}}],"collection":[{"href":"https:\/\/ducac.ipu.hr\/project\/wp-json\/wp\/v2\/pages"}],"about":[{"href":"https:\/\/ducac.ipu.hr\/project\/wp-json\/wp\/v2\/types\/page"}],"author":[{"embeddable":true,"href":"https:\/\/ducac.ipu.hr\/project\/wp-json\/wp\/v2\/users\/3"}],"replies":[{"embeddable":true,"href":"https:\/\/ducac.ipu.hr\/project\/wp-json\/wp\/v2\/comments?post=72"}],"version-history":[{"count":56,"href":"https:\/\/ducac.ipu.hr\/project\/wp-json\/wp\/v2\/pages\/72\/revisions"}],"predecessor-version":[{"id":4355,"href":"https:\/\/ducac.ipu.hr\/project\/wp-json\/wp\/v2\/pages\/72\/revisions\/4355"}],"wp:attachment":[{"href":"https:\/\/ducac.ipu.hr\/project\/wp-json\/wp\/v2\/media?parent=72"}],"curies":[{"name":"wp","href":"https:\/\/api.w.org\/{rel}","templated":true}]}}