{"id":70,"date":"2015-03-19T12:22:44","date_gmt":"2015-03-19T11:22:44","guid":{"rendered":"http:\/\/ducac.ipu.hr\/project\/?page_id=70"},"modified":"2021-12-08T19:44:43","modified_gmt":"2021-12-08T18:44:43","slug":"other-events","status":"publish","type":"page","link":"https:\/\/ducac.ipu.hr\/project\/other-events\/","title":{"rendered":"other events"},"content":{"rendered":"<h5>after September 2017<\/h5>\n<p>The DUCAC project within its administrative and financial framework ended in September 2017. However, the project intention has been to provide new data for further research as well as to share the experience of working within the field of digital art history. Here are listed some of the recent events and results.<\/p>\n<p>2021 the project is listed at the Renaissance Society of America Digital Resources <a href=\"https:\/\/rsadigitalresources.hcommons.org\/tag\/digital-humanities\/\">https:\/\/rsadigitalresources.hcommons.org\/tag\/digital-humanities\/<\/a><\/p>\n<p>2019 the project is listed at the Time Machine platform<br \/>\n<a href=\"https:\/\/www.timemachine.eu\/ltm-projects\/dubrovnik-civitas-et-acta-consiliorum-visualizing-development-of-the-late-medieval-urban-fabric\/\">https:\/\/www.timemachine.eu\/ltm-projects\/dubrovnik-civitas-et-acta-consiliorum-visualizing-development-of-the-late-medieval-urban-fabric\/<\/a><\/p>\n<p>Ana Plosni\u0107 \u0160kari\u0107, Governing the Cityscape, predavanje, Znanstveni doktorski studij Arhitektura i urbanizam, arhitektonski fakultet Sveu\u010dili\u0161ta u Zagrebu, 15. sije\u010dnja 2021. [lecture at the Doctoral studies, Faculty of Architecture, University of Zagreb, Croatia]\n<p>Ana Plosni\u0107 \u0160kari\u0107 was awarded the \u201cRadovan Ivan\u010devi\u0107\u201d Charter for the promotion and advancement of art history in 2019 by the Croatian Society of Art Historians for the book Mapping urban changes\/Mapiranje urbanih promjena, Zagreb, 2017<\/p>\n<p>Ana Plosni\u0107 \u0160kari\u0107 &amp; Natko Kati\u010di\u0107, An Example of a Map-searchable Database: The Dubrovnik City Councils\u2019 Deliberations 1400-1450, Proceedings of the 23rd International Conference on Cultural Heritage and New Technologies 2018. CHNT 23, 2018 (Vienna 2019). ISBN 978-3-200-06576-5 <a href=\"https:\/\/www.chnt.at\/wp-content\/uploads\/eBook_CHNT23_Plosnic_Skaric.pdf\">https:\/\/www.chnt.at\/wp-content\/uploads\/eBook_CHNT23_Plosnic_Skaric.pdf<\/a><\/p>\n<p>Ana Plosni\u0107 \u0160kari\u0107, Digitalna povijest umjetnosti: iskustva i rezultati DUCAC projekta, predavanje, Poslijediplomski doktorski studij povijesti umjetnosti, Doktorski kolegij Problemi interpretacije II, petak, 20. rujna 2019., A-126 [lecture at the Doctoral studies, Department of Art History, Faculty of humanities and Social Sciences, University of Zagreb, Croatia]\n<p>Matko Matija Maru\u0161i\u0107, Izgradnja i socijalna topografija seksterija u Dubrovniku od sredine 14. do druge polovice 15. stolje\u0107a, doktorska disertacija, Zagreb: Sveu\u010dili\u0161te u Zagrebu, Filozofski fakultet, 2019. [doctoral disertation, Faculty of humanities and Social Sciences, University of Zagreb, Croatia]\n<p>Ana Plosni\u0107 \u0160kari\u0107 &amp; Natko Kati\u010di\u0107, An Example of Map Searchable Database: Dubrovnik City Councils\u2019 Deliberations 1400-1450, CHNT (Conference on Cultural Heritage and New Technologies): Visual Heritage, Session: Locative media and heritage engagement in pre-modern urban Environments, Chairs: Fabrizio NEVOLA | Cristina MOSCONI, UK, November 2018, Vienna, Austria<a href=\"https:\/\/www.chnt.at\/visual-heritage-2018-chnt-23-2018-abstracts\/\"> https:\/\/www.chnt.at\/visual-heritage-2018-chnt-23-2018-abstracts\/<\/a><\/p>\n<p>Ana Plosni\u0107 \u0160kari\u0107, The Results of the DUCAC project, public lecture, Otvoreni dani Instituta za povijest umjetnosti 21. i 22. o\u017eujka 2018.<br \/>\n<a href=\"https:\/\/ipu.hr\/content\/info\/DOVIPU2018_Program.pdf\">https:\/\/ipu.hr\/content\/info\/DOVIPU2018_Program.pdf<\/a><\/p>\n<h5>Mapping urban changes \/ Mapiranje urbanih promjena e-book<\/h5>\n<p>Mapping urban changes \/ Mapiranje urbanih promjena<br \/>\nEdited by \/ uredila: Ana Plosni\u0107 \u0160kari\u0107<br \/>\nReviewers \/ Recenzenti: Ivo Babi\u0107, Bojana Bojani\u0107 Obad \u0160\u0107itaroci<br \/>\nISBN 978-953-7875-45-9<br \/>\nInstitute of Art History \/ Institut za povijest umjetnosti<br \/>\nZagreb, 2017 see <a href=\"https:\/\/ducac.ipu.hr\/project\/workshop\/\">here<\/a><\/p>\n<h5>Dubrovnik: Civitas et Acta Consiliorum 1400-1450 e-book<\/h5>\n<p>Dubrovnik: Civitas et Acta Consiliorum 1400-1450<br \/>\nEdited by Danko Zeli\u0107 &amp; Ana Plosni\u0107 \u0160kari\u0107<br \/>\nReviewers: Edda Frankot &amp; Renata Novak Klemen\u010di\u010d<br \/>\nISBN 978\u2010953\u20107875\u201051\u20100<br \/>\nInstitut za povijest umjetnosti \/ Institute of Art History<br \/>\nZagreb 2017. see <a href=\"https:\/\/ducac.ipu.hr\/project\/mapping\/\">here<\/a><\/p>\n<h5>Danko Zeli\u0107 published the chapter: \u201cPrva crkva sv. Vlaha u Gradu\u201d<\/h5>\n<p>Danko Zeli\u0107 published the chapter: \u201cPrva crkva sv. Vlaha u Gradu\u201d, in: Zborna crkva sv. Vlaha u Dubrovniku, ur. Katarina Horvat Levaj, Zagreb: Institut za povijest umjetnosti, 2017., 43-59<\/p>\n<h5>Ana Marinkovi\u0107 published the chapter: \u201cKasnosrednjovjekovna crkva sv. Vlaha\u201d<\/h5>\n<p>Ana Marinkovi\u0107 published the chapter: \u201cKasnosrednjovjekovna crkva sv. Vlaha\u201d, in: Zborna crkva sv. Vlaha u Dubrovniku, ur. Katarina Horvat Levaj, Zagreb: Institut za povijest umjetnosti, 2017., 61-91<\/p>\n<h5>Nada Gruji\u0107 published the chapter: Arhitektura Kne\u017eeva dvora u srednjem vijeku: od utvrde do pala\u010de<\/h5>\n<p>Nada Gruji\u0107 published the chapter \u201cArhitektura Kne\u017eeva dvora u srednjem vijeku: od utvrde do pala\u010de\u201c in: Kne\u017eev dvor u Dubrovniku: Utvrda \u2013 Pala\u010da \u2013 Muzej, exhibition catalogue, ed. Pavica Vila\u0107, Dubrova\u010dki muzeji, Dubrovnik 2016, 8-31<\/p>\n<h5>Ana Marinkovi\u0107 and Matko Matija Maru\u0161i\u0107 published the chapter: Fatto a immitazione di quello di San Marco. Isto\u010dnojadranske ina\u010dice korske pregrade crkve Sv. Marka u Veneciji<\/h5>\n<p>Ana Marinkovi\u0107 and Matko Matija Maru\u0161i\u0107 published the chapter \u201cFatto a immitazione di quello di San Marco. Isto\u010dnojadranske ina\u010dice korske pregrade crkve Sv. Marka u Veneciji\u201d, in: Zbornik XIV. Dana Cvita Fiskovi\u0107a: Razmjene umjetni\u010dkih iskustava u Jadranskom bazenu, eds. Jasenka Gudelj and Predrag Markovi\u0107, Zagreb, 2016, 55-67<\/p>\n<h5>Danko Zeli\u0107 published the chapter: Arhitektura dubrova\u010dke Place poslije potresa 1667. &#8211; barokni projekt?<\/h5>\n<p>Danko Zeli\u0107 published the chapter \u201cArhitektura dubrova\u010dke Place poslije potresa 1667. &#8211; barokni projekt?\u201d, in: Zbornik XIV. Dana Cvita Fiskovi\u0107a: Razmjene umjetni\u010dkih iskustava u Jadranskom bazenu, eds. Jasenka Gudelj and Predrag Markovi\u0107, Zagreb, 2016, 137-146<\/p>\n<h5>Alessandra Ferrighi &amp; Ana Plosni\u0107 \u0160kari\u0107 presented the paper at EAUH 2016: Reinterpreting Cities<\/h5>\n<p>Alessandra Ferrighi and Ana Plosni\u0107 \u0160kari\u0107 presented the paper<strong> \u201cMapping City Councils\u2019 Deliberations for the Urban Development Research: Dubrovnik 1400-1450\u201d<\/strong> at the 13th International Conference on Urban History &#8211; European Association for Urban History: Reinterpreting Cities in Helsinki, 25 August 2016, within the session <strong>M39. Facilitating Urban History \u2013 Archives in the Digital Transformation<\/strong>, Organizers: S\u00f8ren Bitsch Christensen and Mikkel Thelle<br \/>\nsession details are available at EAUH 2016 web page <a href=\"https:\/\/eauh2016.net\/programme\/sessions\/\">https:\/\/eauh2016.net\/programme\/sessions\/<\/a>\u00a0or as pdf <a href=\"http:\/\/ducac.ipu.hr\/project\/wp-content\/uploads\/EAUH_Ferrighi_Plosnic-Skaric.pdf\">eauh_ferrighi_plosnic-skaric<\/a><\/p>\n<p><img loading=\"lazy\" decoding=\"async\" class=\"alignnone wp-image-6110\" src=\"http:\/\/ducac.ipu.hr\/project\/wp-content\/uploads\/euah-header-1024x308.jpg\" alt=\"euah-header\" width=\"729\" height=\"219\" srcset=\"https:\/\/ducac.ipu.hr\/project\/wp-content\/uploads\/euah-header-1024x308.jpg 1024w, https:\/\/ducac.ipu.hr\/project\/wp-content\/uploads\/euah-header-240x72.jpg 240w, https:\/\/ducac.ipu.hr\/project\/wp-content\/uploads\/euah-header-768x231.jpg 768w, https:\/\/ducac.ipu.hr\/project\/wp-content\/uploads\/euah-header-640x193.jpg 640w, https:\/\/ducac.ipu.hr\/project\/wp-content\/uploads\/euah-header.jpg 1173w\" sizes=\"auto, (max-width: 729px) 100vw, 729px\" \/><\/p>\n<h5>Ana Plosni\u0107 \u0160kari\u0107 at Lancaster Summer Schools in Corpus Linguistics and other Digital methods, 12-15 July 2016, University of Lancaster, UK<\/h5>\n<p>Ana Plosni\u0107 \u0160kari\u0107 attended Lancaster Summer Schools in Corpus Linguistics and other Digital methods, at the University of Lancaster, for additional training in the new digital technologies for the humanities; workshop: ERC Summer School in GIS for the Digital Humanities, taught by Prof. Ian Gregory &#8211; professor at University of Lancaster and the principle investigator of the Spatial Humanities project<br \/>\nfor details see <a href=\"http:\/\/ucrel.lancs.ac.uk\/summerschool\/dh-gis.php\">http:\/\/ucrel.lancs.ac.uk\/summerschool\/dh-gis.php<\/a><\/p>\n<p><img loading=\"lazy\" decoding=\"async\" class=\"alignnone size-large wp-image-6124\" src=\"http:\/\/ducac.ipu.hr\/project\/wp-content\/uploads\/lancaster2016-1024x192.jpg\" alt=\"lancaster2016\" width=\"639\" height=\"120\" srcset=\"https:\/\/ducac.ipu.hr\/project\/wp-content\/uploads\/lancaster2016-1024x192.jpg 1024w, https:\/\/ducac.ipu.hr\/project\/wp-content\/uploads\/lancaster2016-240x45.jpg 240w, https:\/\/ducac.ipu.hr\/project\/wp-content\/uploads\/lancaster2016-768x144.jpg 768w, https:\/\/ducac.ipu.hr\/project\/wp-content\/uploads\/lancaster2016-1200x225.jpg 1200w, https:\/\/ducac.ipu.hr\/project\/wp-content\/uploads\/lancaster2016-640x120.jpg 640w, https:\/\/ducac.ipu.hr\/project\/wp-content\/uploads\/lancaster2016.jpg 1237w\" sizes=\"auto, (max-width: 639px) 100vw, 639px\" \/><\/p>\n<h5>Danko Zeli\u0107 at Digital Humanities at Oxford Summer School, 4-8 July 2016, Oxford, UK<\/h5>\n<p>Danko Zeli\u0107 attended Digital Humanities at Oxford Summer School, for additional training in the new digital technologies for the humanities: workshop: An Introduction to the Guidelines of the Text Encoding Initiative, Convener: James Cummings, Senior Academic Research Technology Specialist for IT Services at University of Oxford, Facilitator: Helen Brown<br \/>\nfor details see\u00a0<a href=\"http:\/\/digital.humanities.ox.ac.uk\/dhoxss\/2016\">http:\/\/digital.humanities.ox.ac.uk\/dhoxss\/2016<\/a><\/p>\n<p><img loading=\"lazy\" decoding=\"async\" class=\"alignnone wp-image-6123\" src=\"http:\/\/ducac.ipu.hr\/project\/wp-content\/uploads\/ox2016.jpg\" alt=\"ox2016\" width=\"472\" height=\"199\" srcset=\"https:\/\/ducac.ipu.hr\/project\/wp-content\/uploads\/ox2016.jpg 744w, https:\/\/ducac.ipu.hr\/project\/wp-content\/uploads\/ox2016-240x101.jpg 240w, https:\/\/ducac.ipu.hr\/project\/wp-content\/uploads\/ox2016-640x270.jpg 640w\" sizes=\"auto, (max-width: 472px) 100vw, 472px\" \/><\/p>\n<h5>Ana Marinkovi\u0107 &amp; Ana Plosni\u0107 \u0160kari\u0107 presented the paper at IMC Leeds 2016<\/h5>\n<p>Ana Marinkovi\u0107 and Ana Plosni\u0107 \u0160kari\u0107 presented the paper <strong>\u201cRegulating Urban Spaces for Food Merchandise in 15th-Century Dubrovnik\u201d<\/strong> at the International Medieval Congress., Leeds, 5 July 2016, within the session<strong> 734 &#8211; Feeding the City<\/strong>, Organizer: IMC Programming Committee, Moderator\/Chair: Peter Francis Howard.<br \/>\nsession details are available at IMC Leeds 2016 web page <a href=\"https:\/\/imc.leeds.ac.uk\/dbsql02\/AQueryServlet?*id=30&amp;*formId=30&amp;*context=IMC&amp;chosenPaperId=NA&amp;sessionId=6806&amp;conference=2016&amp;chosenPaperId=&amp;*servletURI=https:\/\/imc.leeds.ac.uk\/dbsql02\/AQueryServlet\">https:\/\/imc.leeds.ac.uk\/dbsql02\/AQueryServlet?*id=30&amp;*formId=30&amp;*context=IMC&amp;chosenPaperId=NA&amp;sessionId=6806&amp;conference=2016&amp;chosenPaperId=&amp;*servletURI=https:\/\/imc.leeds.ac.uk\/dbsql02\/AQueryServlet<\/a>\u00a0or as pdf <a href=\"http:\/\/ducac.ipu.hr\/project\/wp-content\/uploads\/IMC_Leeds_Marinkovic_Plosnic-Skaric.pdf\">imc_leeds_marinkovic_plosnic-skaric<\/a><\/p>\n<p><img loading=\"lazy\" decoding=\"async\" class=\"wp-image-6111 alignnone\" src=\"http:\/\/ducac.ipu.hr\/project\/wp-content\/uploads\/imc_2016_call_for_papers-1024x726.jpg\" alt=\"imc_2016_call_for_papers\" width=\"402\" height=\"285\" srcset=\"https:\/\/ducac.ipu.hr\/project\/wp-content\/uploads\/imc_2016_call_for_papers-1024x726.jpg 1024w, https:\/\/ducac.ipu.hr\/project\/wp-content\/uploads\/imc_2016_call_for_papers-240x170.jpg 240w, https:\/\/ducac.ipu.hr\/project\/wp-content\/uploads\/imc_2016_call_for_papers-768x545.jpg 768w, https:\/\/ducac.ipu.hr\/project\/wp-content\/uploads\/imc_2016_call_for_papers-1128x800.jpg 1128w, https:\/\/ducac.ipu.hr\/project\/wp-content\/uploads\/imc_2016_call_for_papers-640x454.jpg 640w, https:\/\/ducac.ipu.hr\/project\/wp-content\/uploads\/imc_2016_call_for_papers.jpg 1166w\" sizes=\"auto, (max-width: 402px) 100vw, 402px\" \/><\/p>\n<h5>Ana Marinkovi\u0107 at Visualizing Venice Summer School, 5th edition, 8-20 June 2016, Venice, Italy<\/h5>\n<p>Ana Marinkovi\u0107 attended Visualizing Venice Summer School, 5th edition, for additional training in the new digital technologies for the humanities, Faculty: Mark Olson and Victoria Szabo, Duke University; Senior Advisors: Caroline Bruzelius, Duke University, Donatella Calabi, Universit\u00e0 Iuav di Venezia; Teaching Assistants: Ludovica Galeazzo, Universit\u00e0 Iuav di Venezia, Hannah Jacobs, Erica Sherman and Edward Triplett, Duke University; Consultants: Paolo Borin, Universit\u00e0 degli Studi di Padova; Gianmario Guidarelli, Universit\u00e0 degli Studi di Padova<br \/>\nfor details see\u00a0<a href=\"http:\/\/www.univiu.org\/shss\/seminars-summer-schools\/visualizing-venice-summer-workshop\">http:\/\/www.univiu.org\/shss\/seminars-summer-schools\/visualizing-venice-summer-workshop<\/a><\/p>\n<p><img loading=\"lazy\" decoding=\"async\" class=\"alignnone wp-image-6122\" src=\"http:\/\/ducac.ipu.hr\/project\/wp-content\/uploads\/VV2016.jpg\" alt=\"vv2016\" width=\"585\" height=\"286\" srcset=\"https:\/\/ducac.ipu.hr\/project\/wp-content\/uploads\/VV2016.jpg 965w, https:\/\/ducac.ipu.hr\/project\/wp-content\/uploads\/VV2016-240x117.jpg 240w, https:\/\/ducac.ipu.hr\/project\/wp-content\/uploads\/VV2016-768x376.jpg 768w, https:\/\/ducac.ipu.hr\/project\/wp-content\/uploads\/VV2016-640x313.jpg 640w\" sizes=\"auto, (max-width: 585px) 100vw, 585px\" \/><\/p>\n<h5>Danko Zeli\u0107 published the chapter: Grad u slici<\/h5>\n<p>Danko Zeli\u0107 published the chapter: Grad u slici, in: Dubrovnik prije tre\u0161nje. Konzervatorsko-restauratorski radovi i interpretacija slike, Dubrovnik 2016, 9-33<\/p>\n<h5>Dubrovnik field research, part two May\/2016<\/h5>\n<p>Accordingly to the ducac project work plan team members have conducted the field research in Dubrovnik in order to bring the conclusions on the urban development, the changes of the urban tissue and actual dynamics considering the improvements of the old buildings and the building of the new ones.<\/p>\n<h5>Danko Zeli\u0107 presented the paper at ESSHC 2016<\/h5>\n<p>Danko Zeli\u0107 presented the paper<strong> \u201cUrban Space Policies in Medieval Dubrovnik and Dalmatian Cities \u2013 Venetian Tradition vs. Present\u201d<\/strong> at the European Social Science History Conference in Valencia, 30 March 2016, within the session <strong>G-1 &#8211; ELI01 : Political Power Groups in the Late Medieval and Early Modern City<\/strong>, Organizer: Janna Everaert, Chair\/Discussant: Jelle Haemers.<br \/>\nsession details are available at ESSHC web page <a href=\"https:\/\/esshc.socialhistory.org\/esshc-user\/programme?day=52&amp;time=130&amp;session=2707\">https:\/\/esshc.socialhistory.org\/esshc-user\/programme?day=52&amp;time=130&amp;session=2707<\/a>\u00a0or as pdf <a href=\"http:\/\/ducac.ipu.hr\/project\/wp-content\/uploads\/ESSHC_Zelic.pdf\">esshc_zelic<\/a><\/p>\n<p><img loading=\"lazy\" decoding=\"async\" class=\"alignnone wp-image-6113\" src=\"http:\/\/ducac.ipu.hr\/project\/wp-content\/uploads\/logo-esshc-1024x157.jpg\" alt=\"logo-esshc\" width=\"541\" height=\"83\" srcset=\"https:\/\/ducac.ipu.hr\/project\/wp-content\/uploads\/logo-esshc-1024x157.jpg 1024w, https:\/\/ducac.ipu.hr\/project\/wp-content\/uploads\/logo-esshc-240x37.jpg 240w, https:\/\/ducac.ipu.hr\/project\/wp-content\/uploads\/logo-esshc-768x118.jpg 768w, https:\/\/ducac.ipu.hr\/project\/wp-content\/uploads\/logo-esshc-1200x184.jpg 1200w, https:\/\/ducac.ipu.hr\/project\/wp-content\/uploads\/logo-esshc-640x98.jpg 640w, https:\/\/ducac.ipu.hr\/project\/wp-content\/uploads\/logo-esshc.jpg 1258w\" sizes=\"auto, (max-width: 541px) 100vw, 541px\" \/><\/p>\n<h5>digital collection of Acta Consiliorum, part two \u2013 February-March\/2016<\/h5>\n<p>Accordingly to the ducac project work plan team members have collected and digitalized the Acta Consiliorum in Dr\u017eavni arhiv u Dubrovniku:\u00a0Acta Consilii Minoris (1435-1451), Acta Consilii Maioris (1440-1453), Acta Consilii Rogatorum (1438-1451).<\/p>\n<h5>Danko Zeli\u0107 published the chapter: Short-lived Opera bella e buona: the 1564 Chancel Screen of the Church of St Roch in Dubrovnik<\/h5>\n<p>Danko Zeli\u0107 published the paper \u201cShort-lived Opera bella e buona: the 1564 Chancel Screen of the Church of St Roch in Dubrovnik\u201d, in: SCRIPTA IN HONOREM Igor Fiskovi\u0107. Zbornik povodom sedamdesetog ro\u0111endana &#8211; Festschrift on the occasion of his 70th birthday, eds. Miljenko Jurkovi\u0107 and Predrag Markovi\u0107, Zagreb \u2013 Motovun 2015, 271-281<\/p>\n<h5>Matko Matija Maru\u0161i\u0107 published the paper \u201cSveti Jakov Markijski i \u010dudo an\u0111ela uz raspelo u crkvi Male bra\u0107e u Dubrovniku\u201d<\/h5>\n<p>Matko Matija Maru\u0161i\u0107 published the paper \u201cSveti Jakov Markijski i \u010dudo an\u0111ela uz raspelo u crkvi Male bra\u0107e u Dubrovniku\u201d, in: Peristil 58, 2015, 5-18<\/p>\n<h5>ducac project presentation at Kvartal 07\/2015<\/h5>\n<p style=\"text-align: justify;\">Text <strong>Ana Plosni\u0107 \u0160kari\u0107, Dubrovnik: Civitas et Acta Consiliorum. Vizualizacija mijena kasnosrednjovjekovnog urbanog tkiva \/ Dubrovnik: Civitas et Acta Consiliorum. Visualizing Development of the Late Medieval Urban Fabric, <a href=\"https:\/\/www.ipu.hr\/izdanja\/kvartal\">Kvartal<\/a>.<\/strong> Kronika povijesti umjetnosti u Hrvatskoj, godina XII, 1\/2 2015, 79-81 was published within the thematic strand: Art History projects supported by Croatian Science Foundation.<\/p>\n<h5>ducac project team presented the papers at the session at International Medieval Congress Leeds 7\/7\/2015<\/h5>\n<p><a href=\"http:\/\/ducac.ipu.hr\/project\/wp-content\/uploads\/leeds-web.jpg\"><img loading=\"lazy\" decoding=\"async\" class=\"alignnone size-full wp-image-2624\" src=\"http:\/\/ducac.ipu.hr\/project\/wp-content\/uploads\/leeds-web.jpg\" alt=\"leeds-web\" width=\"2265\" height=\"734\" srcset=\"https:\/\/ducac.ipu.hr\/project\/wp-content\/uploads\/leeds-web.jpg 2265w, https:\/\/ducac.ipu.hr\/project\/wp-content\/uploads\/leeds-web-240x78.jpg 240w, https:\/\/ducac.ipu.hr\/project\/wp-content\/uploads\/leeds-web-1024x332.jpg 1024w, https:\/\/ducac.ipu.hr\/project\/wp-content\/uploads\/leeds-web-1200x389.jpg 1200w, https:\/\/ducac.ipu.hr\/project\/wp-content\/uploads\/leeds-web-640x207.jpg 640w\" sizes=\"auto, (max-width: 2265px) 100vw, 2265px\" \/><\/a><\/p>\n<p><a href=\"https:\/\/imc.leeds.ac.uk\/dbsql02\/AQueryServlet?*id=30&amp;*formId=30&amp;*context=IMC&amp;chosenPaperId=NA&amp;sessionId=6146&amp;conference=2015&amp;chosenPaperId=&amp;*servletURI=https:\/\/imc.leeds.ac.uk\/dbsql02\/AQueryServlet\">https:\/\/imc.leeds.ac.uk\/dbsql02\/AQueryServlet?*id=30&amp;*formId=30&amp;*context=IMC&amp;chosenPaperId=NA&amp;sessionId=6146&amp;conference=2015&amp;chosenPaperId=&amp;*servletURI=https:\/\/imc.leeds.ac.uk\/dbsql02\/AQueryServlet<\/a><\/p>\n<h5>Matko Matija Maru\u0161i\u0107 was awarded by Dru\u0161tvo povjesni\u010dara umjetnosti Hrvatske &#8211; 27\/5\/2015<\/h5>\n<p style=\"text-align: justify;\">Matko Matija Maru\u0161i\u0107 was rewarded by <a href=\"http:\/\/www.dpuh.hr\/\">Dru\u0161tvo povjesni\u010dara umjetnosti Hrvatske<\/a> \/ Croatian Society of Art Historians for the year 2014 for his diploma theses on monumental crucifixes in churches of Dubrovnik prior to the Council of Trent that was supervised by Igor Fiskovi\u0107 and Ana Marinkovi\u0107.\u00a0<a href=\"http:\/\/ducac.ipu.hr\/project\/wp-content\/uploads\/Nagrada-DPUH_2014.pdf\">Nagrada DPUH_2014<\/a><\/p>\n<h5>Dubrovnik field research, part one &#8211; 3-7\/5\/2015<\/h5>\n<p style=\"text-align: justify;\">Accordingly to the ducac project work plan team members have conducted the field research in Dubrovnik in order to bring the conclusions on the urban development, the changes of the urban tissue and actual dynamics considering the improvements of the old buildings and the building of the new ones.<\/p>\n<h5>Danko Zeli\u0107 \u2013 two texts on historical vedute of Dubrovnik<\/h5>\n<p style=\"text-align: justify;\">Danko Zeli\u0107 contributed to the catalogue of the exhibition &#8220;Sveto i profano \u2013 slikarstvo talijanskog baroka u Hrvatskoj&#8221; \/ &#8220;The Sacred and the Profane \u2013 Italian Baroque Painting in Croatia&#8221; with texts concerning the three paintings kept in Dubrovnik collections \u2013 two 17-18th century historical vedute of Dubrovnik and an 18th century veduta of Ancona. The exhibition is being held in Galerija Klovi\u0107evi dvori in Zagreb 16. 04. 2015 \u2013 02. 08. 2015.\u00a0<a href=\"http:\/\/ducac.ipu.hr\/project\/wp-content\/uploads\/Pages-from-Sveto-i-profano-Slikarstvo-talijanskog-baroka-u-Hrvatskoj-katalog-ur-R-Tomic.pdf\">Pages from Sveto i profano Slikarstvo talijanskog baroka u Hrvatskoj (katalog, ur R Tomic)<\/a><\/p>\n<h5>Matko Matija Maru\u0161i\u0107 doctoral student at ducac\u00a0project &#8211;\u00a001\/01\/2015<\/h5>\n<p style=\"text-align: justify;\">Matko Matija Maru\u0161i\u0107 has joined the DUCAC project team as a doctoral student, accordingly to the results of the call of Croatian Science Foundation &#8220;Projekt razvoja karijera mladih istra\u017eiva\u010da &#8211; izobrazba novih doktora znanosti&#8221; for the year 2014. under\u00a0supervison of Danko Zeli\u0107\u00a0<a href=\"http:\/\/www.hrzz.hr\/default.aspx?id=1197\">http:\/\/www.hrzz.hr\/default.aspx?id=1197<\/a><br \/>\nSince January 1st 2015 Matko Matija Maru\u0161i\u0107 is employed at the Institute of Art History as associate \u2013 doctoral student, supported by Croatian Science Foundation.<br \/>\n<a href=\"http:\/\/www.ipu.hr\/aktualno\/215\/obavijest-o-rezultatima-natjecaja-na-radno-mjesto-strucnog-suradnika-doktoranda\">http:\/\/www.ipu.hr\/aktualno\/215\/obavijest-o-rezultatima-natjecaja-na-radno-mjesto-strucnog-suradnika-doktoranda<\/a><\/p>\n<h5>International Medieval Congress Leeds 2015<\/h5>\n<p style=\"text-align: justify;\"><a href=\"http:\/\/ducac.ipu.hr\/project\/wp-content\/uploads\/imc_2015_call_for_papers.jpg\"><img loading=\"lazy\" decoding=\"async\" class=\"wp-image-2247 alignleft\" src=\"http:\/\/ducac.ipu.hr\/project\/wp-content\/uploads\/imc_2015_call_for_papers-1024x727.jpg\" alt=\"imc_2015_call_for_papers\" width=\"361\" height=\"257\" srcset=\"https:\/\/ducac.ipu.hr\/project\/wp-content\/uploads\/imc_2015_call_for_papers-1024x727.jpg 1024w, https:\/\/ducac.ipu.hr\/project\/wp-content\/uploads\/imc_2015_call_for_papers-240x170.jpg 240w, https:\/\/ducac.ipu.hr\/project\/wp-content\/uploads\/imc_2015_call_for_papers-1691x1200.jpg 1691w, https:\/\/ducac.ipu.hr\/project\/wp-content\/uploads\/imc_2015_call_for_papers-1127x800.jpg 1127w, https:\/\/ducac.ipu.hr\/project\/wp-content\/uploads\/imc_2015_call_for_papers-640x454.jpg 640w, https:\/\/ducac.ipu.hr\/project\/wp-content\/uploads\/imc_2015_call_for_papers.jpg 1746w\" sizes=\"auto, (max-width: 361px) 100vw, 361px\" \/><\/a>The Session Submission of the DUCAC project team has been accepted by the Programming Committee of IMC Leeds 2015 at November 28th 2014.<\/p>\n<h5>digital collection of Acta Consiliorum, part one &#8211; 8-11\/12\/2014<\/h5>\n<p style=\"text-align: justify;\">Accordingly to the ducac project work plan team members\u00a0have collected and digitalized the Acta Consiliorum in Dr\u017eavni arhiv u Dubrovniku: Reformationes (1402-1415), Acta Consilii Minoris (1415-1435), Acta Consilii Maioris (1415-1438), Acta Consilii Rogatorum (1415-1438).<\/p>\n<h5>public presentation of ducac project &#8211; 12\/11\/2014<\/h5>\n<p><strong>Ana Plosni\u0107 \u0160kari\u0107<\/strong>, PI of DUCAC project, held the public presentation of the project at the Institute of Art History, November 12th 2014.<br \/>\n<a href=\"http:\/\/www.ipu.hr\/aktualno\/207\/dani-otvorenih-vrata-instituta-za-povijest-umjetnosti-12-13-11-2014\">http:\/\/www.ipu.hr\/aktualno\/207\/dani-otvorenih-vrata-instituta-za-povijest-umjetnosti-12-13-11-2014<\/a><\/p>\n","protected":false},"excerpt":{"rendered":"<p>after September 2017 The DUCAC project within its administrative and financial framework ended in September 2017. However, the project intention has been to provide new data for further research as well as to share the experience of working within the field of digital art history. Here are listed some of the recent events and results. [&hellip;]<\/p>\n","protected":false},"author":3,"featured_media":0,"parent":0,"menu_order":0,"comment_status":"closed","ping_status":"closed","template":"","meta":{"_monsterinsights_skip_tracking":false,"_monsterinsights_sitenote_active":false,"_monsterinsights_sitenote_note":"","_monsterinsights_sitenote_category":0,"footnotes":""},"class_list":["post-70","page","type-page","status-publish","hentry"],"_links":{"self":[{"href":"https:\/\/ducac.ipu.hr\/project\/wp-json\/wp\/v2\/pages\/70","targetHints":{"allow":["GET"]}}],"collection":[{"href":"https:\/\/ducac.ipu.hr\/project\/wp-json\/wp\/v2\/pages"}],"about":[{"href":"https:\/\/ducac.ipu.hr\/project\/wp-json\/wp\/v2\/types\/page"}],"author":[{"embeddable":true,"href":"https:\/\/ducac.ipu.hr\/project\/wp-json\/wp\/v2\/users\/3"}],"replies":[{"embeddable":true,"href":"https:\/\/ducac.ipu.hr\/project\/wp-json\/wp\/v2\/comments?post=70"}],"version-history":[{"count":82,"href":"https:\/\/ducac.ipu.hr\/project\/wp-json\/wp\/v2\/pages\/70\/revisions"}],"predecessor-version":[{"id":6387,"href":"https:\/\/ducac.ipu.hr\/project\/wp-json\/wp\/v2\/pages\/70\/revisions\/6387"}],"wp:attachment":[{"href":"https:\/\/ducac.ipu.hr\/project\/wp-json\/wp\/v2\/media?parent=70"}],"curies":[{"name":"wp","href":"https:\/\/api.w.org\/{rel}","templated":true}]}}