{"id":68,"date":"2015-03-19T12:21:38","date_gmt":"2015-03-19T11:21:38","guid":{"rendered":"http:\/\/ducac.ipu.hr\/project\/?page_id=68"},"modified":"2021-01-13T16:42:06","modified_gmt":"2021-01-13T15:42:06","slug":"workshop","status":"publish","type":"page","link":"https:\/\/ducac.ipu.hr\/project\/workshop\/","title":{"rendered":"workshop"},"content":{"rendered":"<p>The workshop was planned for the end of the project, but given the quality and number of applications submitted, it grew into an international conference held in Dubrovnik in September 2017. The result of the conference is a book available as an OS.<\/p>\n<h5>Mapping urban changes \/ Mapiranje urbanih promjena<\/h5>\n<p><img loading=\"lazy\" decoding=\"async\" class=\" wp-image-6167 alignleft\" src=\"http:\/\/ducac.ipu.hr\/project\/wp-content\/uploads\/Untitled-1.png\" alt=\"\" width=\"188\" height=\"266\" srcset=\"https:\/\/ducac.ipu.hr\/project\/wp-content\/uploads\/Untitled-1.png 627w, https:\/\/ducac.ipu.hr\/project\/wp-content\/uploads\/Untitled-1-170x240.png 170w, https:\/\/ducac.ipu.hr\/project\/wp-content\/uploads\/Untitled-1-566x800.png 566w, https:\/\/ducac.ipu.hr\/project\/wp-content\/uploads\/Untitled-1-452x640.png 452w\" sizes=\"auto, (max-width: 188px) 100vw, 188px\" \/>Mapping urban changes \/ Mapiranje urbanih promjena<br \/>\nEdited by \/ uredila: Ana Plosni\u0107 \u0160kari\u0107<br \/>\nReviewers \/ Recenzenti: Ivo Babi\u0107, Bojana Bojani\u0107 Obad \u0160\u0107itaroci<br \/>\nISBN 978-953-7875-45-9<br \/>\nInstitute of Art History \/ Institut za povijest umjetnosti<br \/>\nZagreb, 2017<br \/>\nDownload the pdf here:\u00a0<a href=\"http:\/\/ducac.ipu.hr\/project\/wp-content\/uploads\/Mapping_urban_changes_Mapiranje_urbanih_promjena.pdf\">Mapping_urban_changes_Mapiranje_urbanih_promjena<\/a><\/p>\n<h5>ducac\u00a0project international conference &#8211; mapping urban changes<\/h5>\n<p><img loading=\"lazy\" decoding=\"async\" class=\"alignnone wp-image-6077\" src=\"http:\/\/ducac.ipu.hr\/project\/wp-content\/uploads\/naslovnica-1024x415.jpg\" alt=\"naslovnica\" width=\"1278\" height=\"518\" srcset=\"https:\/\/ducac.ipu.hr\/project\/wp-content\/uploads\/naslovnica-1024x415.jpg 1024w, https:\/\/ducac.ipu.hr\/project\/wp-content\/uploads\/naslovnica-240x97.jpg 240w, https:\/\/ducac.ipu.hr\/project\/wp-content\/uploads\/naslovnica-768x311.jpg 768w, https:\/\/ducac.ipu.hr\/project\/wp-content\/uploads\/naslovnica-640x259.jpg 640w, https:\/\/ducac.ipu.hr\/project\/wp-content\/uploads\/naslovnica.jpg 1179w\" sizes=\"auto, (max-width: 1278px) 100vw, 1278px\" \/><\/p>\n<p>please find attached the\u00a0<a href=\"http:\/\/ducac.ipu.hr\/project\/wp-content\/uploads\/mapping_urban_changes_international_conference_programme_and_book_of_abstracts.pdf\">mapping_urban_changes_international_conference_programme_and_book_of_abstracts<\/a><\/p>\n<h5>programme<\/h5>\n<p>international conference\u00a0organised by the\u00a0Institut za povijest umjetnosti \/ Institute of Art History,\u00a0Zagreb, Hrvatska \/ Croatia<\/p>\n<p>Centre for Advanced Academic Studies, University of Zagreb<br \/>\nDon Frana Buli\u0107a 4, Dubrovnik, Croatia<br \/>\n20-22 September 2017<\/p>\n<p>The aim of this conference is to compare and discuss methodologies of research and the methodologies of visualisation of the results achieved within the urban history studies. The conference gathers researchers from different disciplines, like art and architectural history, urban development studies, economic, social and political history and archaeology, offering multidisciplinary approaches. It gathers the researchers from the scientific and research institutions, as well as independent researchers, from Belgium, Canada, Croatia, Germany, Ireland, Israel, Italy, Slovenia, Spain, United Kingdom, and the United States of America. The papers are divided into eight groups, accordingly to the most distinctive methodology that is discussed in them: City in its historical maps and images, Urban form in archival sources, Texts and maps, Projecting archival data on maps, Processing data with GIS, Integrated sources for urban development research, Challenges of 3D and 4D reconstructions, New data collecting methodologies. The Introduction lecture on Dalmatian urbanism research is given by prof. dr.sc. Ivo Babi\u0107, and the Closing lecture and the Conclusions of the conference Mapping urban Changes is given by prof.dr.sc. Bojana Bojani\u0107 Obad \u0160\u0107itaroci.<\/p>\n<p>The conference is organized within the project \u201cDubrovnik: Civitas et Acta Consiliorum. Visualizing Development of the Late Medieval Urban Fabric\u201d; see more at ducac.ipu.hr\/, of the Institut za povijest umjetnosti \/ Institute of Art History, Zagreb Hrvatska \/ Croatia, founded by the Hrvatska zaklada za znanost \/ Croatian Science Foundation. The conference is supported by the Hrvatska zaklada za znanost \/ Croatian Science Foundation, the Ministarstvo znanosti i obrazovanja Republike Hrvatske \/ Ministry of Science and Education of the Republic of Croatia, the Turisti\u010dka zajednica Dubrovnik \/ Dubrovnik Tourist Board, and the Istituto Italiano di Cultura \/ Talijanski institut za kulturu.<\/p>\n<p><img loading=\"lazy\" decoding=\"async\" class=\"alignnone wp-image-6163\" src=\"http:\/\/ducac.ipu.hr\/project\/wp-content\/uploads\/logo_ducac-1024x127.jpg\" alt=\"\" width=\"769\" height=\"95\" srcset=\"https:\/\/ducac.ipu.hr\/project\/wp-content\/uploads\/logo_ducac-1024x127.jpg 1024w, https:\/\/ducac.ipu.hr\/project\/wp-content\/uploads\/logo_ducac-240x30.jpg 240w, https:\/\/ducac.ipu.hr\/project\/wp-content\/uploads\/logo_ducac-768x95.jpg 768w, https:\/\/ducac.ipu.hr\/project\/wp-content\/uploads\/logo_ducac-1200x149.jpg 1200w, https:\/\/ducac.ipu.hr\/project\/wp-content\/uploads\/logo_ducac-640x79.jpg 640w\" sizes=\"auto, (max-width: 769px) 100vw, 769px\" \/><\/p>\n<p><span style=\"color: #00afe6;\">organisers<\/span>: Ana Plosni\u0107 \u0160kari\u0107 and Danko Zeli\u0107<br \/>\n<span style=\"color: #00afe6;\">scientific committee<\/span>: Donatella Calabi, Alessandra Ferrighi, Nada Gruji\u0107, Ana Marinkovi\u0107, Ana Plosni\u0107 \u0160kari\u0107, Danko Zeli\u0107<\/p>\n<p><span style=\"color: #00afe6;\">20\/9\/2017<\/span><\/p>\n<p>8 30 \u2013 9 00 Registration (fee: 55 euros; for paying the fee contact muc@writeme.com)<\/p>\n<p>9 00 \u2013 9 15 Opening of the Conference <em>Mapping urban changes <\/em>&amp; the Exhibition of the ducac project<\/p>\n<p><span style=\"color: #00afe6;\">9 15 \u2013 9 45 Ivo Babi\u0107, Faculty of Architecture and Construction, University of Split, Croatia<\/span><br \/>\n<span style=\"color: #00afe6;\">The introduction lecture. Dalmatian urbanism research<\/span><\/p>\n<p><span style=\"color: #00afe6;\">10 \u2013 11 30 City in its historical maps and images<\/span><br \/>\nModerator\/Chair: Danko Zeli\u0107<\/p>\n<p>Dubrovnik: Reality of the maps<br \/>\n<strong>Ilario Principe, Universit\u00e0 di Firenze, Reggio Calabria e Cosenza<\/strong><\/p>\n<p>Perspectives or how to deal with complexity: The case of Melchior Lorck\u2019s Prospect of Constantinople<br \/>\n<strong>Elke Katharina Wittich, AMD Akademie Mode &amp; Design, Hamburg, Germany<\/strong><\/p>\n<p>The transformation of the Split Peristyle during the 13th century<br \/>\n<strong>Jo\u0161ko Belamari\u0107, Institute of Art History \u2013 Centre Cvito Fiskovi\u0107, Split, Croatia<\/strong><\/p>\n<p>11 30 \u2013 12 00 Coffe break<\/p>\n<p><span style=\"color: #00afe6;\">12 00 -13 30 Urban form in archival sources<\/span><br \/>\nModerator\/Chair: Francesco Bettarini<\/p>\n<p><em>Palazzo stupendo et magnifico et superbo<\/em>: Rector&#8217;s Palace in Dubrovnik between 1400 and 1450<br \/>\n<strong>Nada Gruji\u0107, Faculty of Humanities and Social Sciences, University of Zagreb, Croatia <\/strong><\/p>\n<p>Locating and analysing the appearance of private houses in the 15th century Dubrovnik: The case of Georgio de Gozze house<br \/>\n<strong>Renata Novak Klemen\u010di\u010d, Faculty of Arts, University of Ljubljana, Slovenia <\/strong><\/p>\n<p>Monastic enclosure as urban feature: Mapping conventual complexes vs. public space in early modern Dubrovnik<br \/>\n<strong>Ana Marinkovi\u0107, Faculty of Humanities and Social Sciences, University of Zagreb, Croatia, &amp; Zehra Laznibat, Conservation Department in Dubrovnik, Republic of Croatia Ministry of Culture <\/strong><\/p>\n<p>The debate on the urban development of the medieval Rab &#8211; next step: The sources and the evidence<br \/>\n<strong>Du\u0161an Mlacovi\u0107, Faculty of Arts, University of Ljubljana, Slovenia<\/strong><\/p>\n<p>13 30 \u2013 15 30 Break<\/p>\n<p><span style=\"color: #00afe6;\">15 30 -17 00 Texts and maps<\/span><br \/>\nModerator\/Chair: Heidi Deneweth<\/p>\n<p>Dubrovnik: Civitas et Acta Consiliorum 1400\u20131450. Mapping methodology and data analysis<br \/>\n<strong>Ana Plosni\u0107 \u0160kari\u0107, Institute of Art History, Zagreb, Croatia, &amp; Alessandra Ferrighi, Universit\u00e0 IUAV di Venezia, Italy<\/strong><\/p>\n<p><em>Una Omnes<\/em>: literary academies in Milan between the XVI and the XVII century<br \/>\n<strong>Alessandro Corsi, Universit\u00e0 Cattolica del Sacro Cuore of Milan, Italy<\/strong><\/p>\n<p>Spaces of power in interregnum Aberdeen<br \/>\n<strong>Edda Frankot, University of Aberdeen, UK<\/strong><\/p>\n<p>Shifting urban atmospheres; Saint Petersburg\u2019s literary context<br \/>\n<strong>Angeliki Sioli, Louisiana State University, USA<\/strong><\/p>\n<p>17 00 -17 30 Coffe break<\/p>\n<p><span style=\"color: #00afe6;\">17 30 \u2013 19 00 Projecting archival data on maps<\/span><br \/>\nModerator\/Chair: Renata Novak Klemen\u010di\u010d<\/p>\n<p>Digital mapping of noble estates in Dubrovnik&#8217;s burgus (13th\u2010century)<br \/>\n<strong>Irena Benyovsky Latin, Croatian Institute of History, &amp; Ivana Hani\u010dar Buljan, Institute of Art History, Zagreb, Croatia <\/strong><\/p>\n<p>Digitalizing Renaissance Florence<br \/>\n<strong>Francesco Bettarini, Neubauer Collegium, University of Chicago, USA <\/strong><\/p>\n<p>Medieval urban landscape of the northern part of the city of Dubrovnik<br \/>\n<strong>Danko Zeli\u0107, Institute of Art History, Zagreb, Croatia<\/strong><\/p>\n<p>Mapping housing market in late medieval Dubrovnik: The Saint Nicholas sexterium (ca. 1420 \u2013 1450)<br \/>\n<strong>Matko Matija Maru\u0161i\u0107, Institute of Art History, Zagreb, Croatia <\/strong><\/p>\n<p><span style=\"color: #00afe6;\">21\/9\/2017<\/span><\/p>\n<p><span style=\"color: #00afe6;\">9 00 \u2013 10 30 Processing data with GIS<\/span><br \/>\nModerator\/Chair: Alessandra Ferrighi<\/p>\n<p>Felix Arba \u2013 reconstructing urban and rural economic capacities through GIS<br \/>\n<strong>Goranka Lipovac Vrkljan, Institute of Archaeology, Zagreb, Croatia, &amp; Ana Konestra, Institute of Archaeology, Zagreb, Croatia, &amp; Nera \u0160egvi\u0107, Faculty of Humanities and Social Sciences, University of Zagreb, Croatia<\/strong><\/p>\n<p>Visualising urban social change, Bruges (Belgium) 1300\u20101700<br \/>\n<strong>Heidi Deneweth, Vrije Universiteit Brussel, Belgium, &amp; Ward Leloup, Vrije Universiteit Brussel, Belgium, &amp; Mathijs Speecke, Ghent University, Belgium <\/strong><\/p>\n<p>From guessing to \u201cgissing\u201d: HisGIS analysis for mapping urban transformation and military reuse of suppressed convents in Brussels, Antwerp and Bruges (1773\u20101860)<br \/>\n<strong>Reinout Klaarenbeek, University of Leuven, Belgium, &amp; Thomas Coomans, University of Leuven, Belgium<\/strong><\/p>\n<p>10 30 \u2013 11 00 Coffe break<\/p>\n<p><span style=\"color: #00afe6;\">11 00 \u2013 12 30 Integrated sources for urban development research<\/span><br \/>\nModerator\/Chair: Ana Marinkovi\u0107<\/p>\n<p>Ottoman Jaffa: From pilgrims\u2019 anchorage to regional center<br \/>\n<strong>Yoav Arbel, Israel Antiquities Authority<\/strong><\/p>\n<p>Bedford Park: Ruralism and the construction of heterotopic space in London\u2019s suburban margin<br \/>\n<strong>Simon Knowles, University College Cork, Ireland<\/strong><\/p>\n<p>Trogir and its suburbs<br \/>\n<strong>Dunja Babi\u0107, Faculty of Civil Engineering, Architecture and Geodesy, University of Split, Croatia<\/strong><\/p>\n<p>Territory as notation: The outlines of southern Zagreb<br \/>\n<strong>Melita \u010cavlovi\u0107 Faculty of Architecture, University of Zagreb, Croatia, &amp; Lana Lovren\u010di\u0107, Zagreb, Croatia, &amp; Antun Sev\u0161ek, Zagreb, Croatia<\/strong><\/p>\n<p>12 30 \u2013 14 30 break<\/p>\n<p><span style=\"color: #00afe6;\">14 30 \u2013 15 30 Challenges of 3D and 4D reconstructions<\/span><br \/>\nModerator\/Chair: Nadia Bertolino<\/p>\n<p>Drawing the past shape of the monastic town of Samos and its immediate environment through an archival document of the mid\u201017th century<br \/>\n<strong>Estefan\u00eda L\u00f3pez Salas, University of A Coru\u00f1a, Spain<\/strong><\/p>\n<p>Wounded and risen again \u2013 Dresden\u2019s urban history 4D<br \/>\n<strong>Kristina Friedrichs, Julius-Maximilians-Universit\u00e4t W\u00fcrzburg, Germany<\/strong><\/p>\n<p>15 30 \u2013 16 00 Coffe break<\/p>\n<p><span style=\"color: #00afe6;\">16 00 \u2013 17 30 New data collecting methodologies<\/span><br \/>\nModerator\/Chair: Ana Plosni\u0107 \u0160kari\u0107<\/p>\n<p>VISU system: Cities, historical research and GIS<br \/>\n<strong>Alessandra Ferrighi, Universit\u00e0 IUAV di Venezia, Italy<\/strong><\/p>\n<p>Consciously uncontrolled: a psychogeographic approach to urban mapping<br \/>\n<strong>Nadia Bertolino, Northumbria University, UK, &amp; Ioanni Delsante, University of Huddersfield, UK, &amp; Shirin Haddadian, Sheffield University, UK <\/strong><\/p>\n<p>Crowdsourcing historical information in a contested city: A Geo\u2010live Platform to Spatialize Rijeka&#8217;s Overlapping Layers and Narratives<br \/>\n<strong>Vanni D&#8217;Alessio, University of Rijeka, Croatia, &amp; Brigitte Le Normand, University of British Columbia, Okanagan, Canada, &amp; Jon Corbett, University of British Columbia, Okanagan, Canada <\/strong><\/p>\n<p>19 30 Dinner (for lecturers and authors only; drinks are not included): Restaurant Mimoza, Branitelja Dubrovnika 9.<\/p>\n<p><span style=\"color: #00afe6;\">22\/9\/2017<\/span><\/p>\n<p><span style=\"color: #00afe6;\">9 00 \u2013 10 00 Closing discussion<\/span><\/p>\n<p><span style=\"color: #00afe6;\">10 00 \u2013 10 30 Bojana Bojani\u0107 Obad \u0160\u0107itaroci,Faculty of Architecture, University of Zagreb, Croatia <\/span><br \/>\n<span style=\"color: #00afe6;\"> The Closing Lecture: Conclusions of the conference <em>Mapping urban Changes<\/em><\/span><\/p>\n<p>11 00 \u2013 12 00 Dubrovnik City Tour (meeting at the Plo\u010de gate)<\/p>\n<p>From 14 00 Dubrovnik City Walls Walk (ticket per person 150 kn, see more at <a href=\"http:\/\/citywallsdubrovnik.hr\/bastina\/gradske-zidine\/\">http:\/\/citywallsdubrovnik.hr\/bastina\/gradske-zidine\/<\/a> <a href=\"https:\/\/www.dubrovnikcity.com\/dubrovnik\/attractions\/dubrovnik_city_walls.htm\">https:\/\/www.dubrovnikcity.com\/dubrovnik\/attractions\/dubrovnik_city_walls.htm<\/a> )<\/p>\n<p>the preliminary booklet from 30\/9\/2016 <a href=\"http:\/\/ducac.ipu.hr\/project\/wp-content\/uploads\/ducac-workshop_booklet.pdf\">ducac-workshop_booklet<\/a><\/p>\n<h5>ducac project workshop &#8211; call for papers &#8211; closed<\/h5>\n<h4 style=\"text-align: justify;\">mapping urban changes<\/h4>\n<p style=\"text-align: justify;\"><strong>Scientific Workshop, Dubrovnik, Croatia, 20-22 September 2017<\/strong><\/p>\n<p style=\"text-align: justify;\">The aim of this scientific workshop is to compare and discuss methodologies of visualisation of the results achieved within the urban history research. The intention is to gather researchers from different disciplines, like art and architectural history, urban development studies, geographical history, economic, social and political history and archaeology, who would present their work. We are looking for papers dealing with the physical changes of urban tissue, its buildings or open spaces as well as those investigating the changes of the ways they were used, perceived or governed. The research could be based on archival data, literary sources, old maps and city views or examination of the physical realm. The visualisations of these results realised through analytic maps, especially those made with the use of GIS programs or improved with 3D models are most welcomed, as well as any other methodology applied. The discussion will be focused on possibilities, obstacles, limits and achievements of these methodologies in the improvement of understanding and dissemination of the research results.<\/p>\n<p style=\"text-align: justify;\">The scientific workshop is organized within the project Dubrovnik: Civitas et Acta Consiliorum. Visualizing Development of the Late Medieval Urban Fabric founded by Croatian Science Foundation. The papers will be published as e-book at the project web pages by the beginning of the workshop.<\/p>\n<p style=\"text-align: justify;\"><strong>Keywords<\/strong>: mapping, visualisation, urban history<br \/>\n<strong>Period<\/strong>: Medieval, Early Modern, Modern<br \/>\n<strong>Organizers<\/strong>: Ana Plosni\u0107 \u0160kari\u0107 and Danko Zeli\u0107, ducac project, Croatian Science Foundation<br \/>\n<strong>Scientific Committee:<\/strong> Donatella Calabi, Alessandra Ferrighi, Nada Gruji\u0107, Ana Marinkovi\u0107, Ana Plosni\u0107 \u0160kari\u0107, Danko Zeli\u0107<br \/>\n<strong>Event<\/strong>: 20-22 September 2017<br \/>\n<strong>Location<\/strong>: Croatia, Dubrovnik, CAAS<br \/>\n<strong>Working Language<\/strong>: English<br \/>\n<strong>Abstracts Due to<\/strong>: 5 September 2016: in English, up to 300 words with title; with name, affiliation, address and a CV up to 150 words<br \/>\n<strong>Notification of paper acceptance<\/strong>: 25 September 2016<br \/>\n<strong>Full Texts Paper Submissions Due to<\/strong>: 31 March 2017: c. 5000 words, in English, Italian, French, German or Croatian<br \/>\n<strong>Contact<\/strong>: Ana Plosni\u0107 \u0160kari\u0107, <a href=\"mailto:aplosnic@ipu.hr\">aplosnic@ipu.hr <\/a>, Institut za povijest umjetnosti \/ Institute of Art History, Zagreb, Croatia<\/p>\n<p style=\"text-align: justify;\">\n","protected":false},"excerpt":{"rendered":"<p>The workshop was planned for the end of the project, but given the quality and number of applications submitted, it grew into an international conference held in Dubrovnik in September 2017. The result of the conference is a book available as an OS. Mapping urban changes \/ Mapiranje urbanih promjena Mapping urban changes \/ Mapiranje [&hellip;]<\/p>\n","protected":false},"author":3,"featured_media":0,"parent":0,"menu_order":0,"comment_status":"closed","ping_status":"closed","template":"","meta":{"_monsterinsights_skip_tracking":false,"_monsterinsights_sitenote_active":false,"_monsterinsights_sitenote_note":"","_monsterinsights_sitenote_category":0,"footnotes":""},"class_list":["post-68","page","type-page","status-publish","hentry"],"_links":{"self":[{"href":"https:\/\/ducac.ipu.hr\/project\/wp-json\/wp\/v2\/pages\/68","targetHints":{"allow":["GET"]}}],"collection":[{"href":"https:\/\/ducac.ipu.hr\/project\/wp-json\/wp\/v2\/pages"}],"about":[{"href":"https:\/\/ducac.ipu.hr\/project\/wp-json\/wp\/v2\/types\/page"}],"author":[{"embeddable":true,"href":"https:\/\/ducac.ipu.hr\/project\/wp-json\/wp\/v2\/users\/3"}],"replies":[{"embeddable":true,"href":"https:\/\/ducac.ipu.hr\/project\/wp-json\/wp\/v2\/comments?post=68"}],"version-history":[{"count":36,"href":"https:\/\/ducac.ipu.hr\/project\/wp-json\/wp\/v2\/pages\/68\/revisions"}],"predecessor-version":[{"id":6240,"href":"https:\/\/ducac.ipu.hr\/project\/wp-json\/wp\/v2\/pages\/68\/revisions\/6240"}],"wp:attachment":[{"href":"https:\/\/ducac.ipu.hr\/project\/wp-json\/wp\/v2\/media?parent=68"}],"curies":[{"name":"wp","href":"https:\/\/api.w.org\/{rel}","templated":true}]}}