{"id":4206,"date":"2015-09-18T20:14:36","date_gmt":"2015-09-18T19:14:36","guid":{"rendered":"http:\/\/ducac.ipu.hr\/project\/?page_id=4206"},"modified":"2016-09-26T14:10:05","modified_gmt":"2016-09-26T13:10:05","slug":"hist","status":"publish","type":"page","link":"https:\/\/ducac.ipu.hr\/project\/data\/hist\/","title":{"rendered":"hist"},"content":{"rendered":"<h5>LOCAL HISTORICAL TEXTS<\/h5>\n<h5>Philippi de Diversis de Quartigianis Lucensis artium doctoris eximii et oratoris Situs aedificiorum, politiae et laudabilium consuetudinum inclitae civitatis Ragusii\u00a0[1440]<\/h5>\n<p>The whole book see at:\u00a0<a href=\"http:\/\/www.ffzg.unizg.hr\/klafil\/croala\/cgi-bin\/navigate.pl?laud.12\">http:\/\/www.ffzg.unizg.hr\/klafil\/croala\/cgi-bin\/navigate.pl?laud.12<\/a><\/p>\n<p>The relevant data are included in databse, see:\u00a0<a href=\"http:\/\/ducac.ipu.hr\/project\/mapping\/\">http:\/\/ducac.ipu.hr\/project\/mapping\/<\/a><br \/>\nThe separate analytic map see: <a href=\"http:\/\/ducac.ipu.hr\/project\/data\/hist\/diversis\/\">here<\/a>.<\/p>\n<p>&nbsp;<\/p>\n<h5>Della mercatura et del mercante perfeto.Libri quattro di M. Benedetto Cotrugli Ragueo scritti gia piu di anni CX et hore dati in luce. In Vinegia all&#8217;Elefanta MDLXXIII<\/h5>\n<p><a href=\"http:\/\/ducac.ipu.hr\/project\/wp-content\/uploads\/Cotrugli_cover.jpg\"><img loading=\"lazy\" decoding=\"async\" class=\"wp-image-5120 alignleft\" src=\"http:\/\/ducac.ipu.hr\/project\/wp-content\/uploads\/Cotrugli_cover.jpg\" alt=\"Cotrugli_cover\" width=\"172\" height=\"264\" srcset=\"https:\/\/ducac.ipu.hr\/project\/wp-content\/uploads\/Cotrugli_cover.jpg 573w, https:\/\/ducac.ipu.hr\/project\/wp-content\/uploads\/Cotrugli_cover-156x240.jpg 156w, https:\/\/ducac.ipu.hr\/project\/wp-content\/uploads\/Cotrugli_cover-521x800.jpg 521w, https:\/\/ducac.ipu.hr\/project\/wp-content\/uploads\/Cotrugli_cover-417x640.jpg 417w\" sizes=\"auto, (max-width: 172px) 100vw, 172px\" \/><\/a>The whole book see at:\u00a0<a href=\"https:\/\/books.google.hr\/books?id=Ohloe05v0-oC&amp;pg=PA7&amp;lpg=PA7&amp;dq=libro+della+mercatura+cotru&amp;source=bl&amp;ots=a2n66FTVtE&amp;sig=bv_XAAlsNYjLUyuHuphUWBBV180&amp;hl=hr&amp;sa=X&amp;ved=0CEIQ6AEwBWoVChMItcfrmIOByAIVzLIUCh0Ohgcu#v=onepage&amp;q&amp;f=false\">https:\/\/books.google.hr\/books?id=Ohloe05v0-oC&amp;pg=PA7&amp;lpg=PA7&amp;dq=libro+della+mercatura+cotru&amp;source=bl&amp;ots=a2n66FTVtE&amp;sig=bv_XAAlsNYjLUyuHuphUWBBV180&amp;hl=hr&amp;sa=X&amp;ved=0CEIQ6AEwBWoVChMItcfrmIOByAIVzLI<\/a><a href=\"https:\/\/books.google.hr\/books?id=Ohloe05v0-oC&amp;pg=PA7&amp;lpg=PA7&amp;dq=libro+della+mercatura+cotru&amp;source=bl&amp;ots=a2n66FTVtE&amp;sig=bv_XAAlsNYjLUyuHuphUWBBV180&amp;hl=hr&amp;sa=X&amp;ved=0CEIQ6AEwBWoVChMItcfrmIOByAIVzLIUCh0Ohgcu#v=onepage&amp;q&amp;f=false\">UCh0Ohgcu#v=onepage&amp;q&amp;f=false<\/a><\/p>\n<p>The most\u00a0relevant parts for the project research find <a href=\"http:\/\/ducac.ipu.hr\/project\/data\/hist\/cotrugli-2\/\">here<\/a>.<br \/>\nSee also:<br \/>\nNada Gruji\u0107, Ku\u0107a \u00bbsavr\u0161enog trgovca\u00ab po Benediktu Kotruljevi\u0107u, Dubrovnik 6 (1995), 4, 198-212<br \/>\nNada Gruji\u0107, Benedikt Kotruljevi\u0107 o vili, Kultura ladanja [Zbornik \u00bbDana Cvita Fiskovi\u0107a\u00ab I], (ur.) Nada Gruji\u0107, Zagreb, 2006, 41-50<br \/>\nNada Gruji\u0107, <a href=\"http:\/\/www.ipu.hr\/uploads\/documents\/2117.pdf\">Studio u dubrova\u010dkim ku\u0107ama prve polovice 15. stolje\u0107a<\/a>, Radovi Instituta za povijest umjetnosti 36 (2012), 43-52<\/p>\n<h5>\u00a0Governo della Famiglia di M. Nicol\u00f2 Vito di Gozze, Gentil\u2019huomo Raguseo, Accademico occulto, In Venetia: Presso Aldo\u00a0CI\u0186DXXCIX<\/h5>\n<p><a href=\"http:\/\/ducac.ipu.hr\/project\/wp-content\/uploads\/Gozze_cover.jpg\"><img loading=\"lazy\" decoding=\"async\" class=\" wp-image-5125 alignleft\" src=\"http:\/\/ducac.ipu.hr\/project\/wp-content\/uploads\/Gozze_cover.jpg\" alt=\"Gozze_cover\" width=\"148\" height=\"243\" srcset=\"https:\/\/ducac.ipu.hr\/project\/wp-content\/uploads\/Gozze_cover.jpg 511w, https:\/\/ducac.ipu.hr\/project\/wp-content\/uploads\/Gozze_cover-146x240.jpg 146w, https:\/\/ducac.ipu.hr\/project\/wp-content\/uploads\/Gozze_cover-488x800.jpg 488w, https:\/\/ducac.ipu.hr\/project\/wp-content\/uploads\/Gozze_cover-390x640.jpg 390w\" sizes=\"auto, (max-width: 148px) 100vw, 148px\" \/><\/a>The whole book see at:\u00a0<a href=\"https:\/\/archive.org\/details\/ita-bnc-ald-00000565-001\">https:\/\/archive.org\/details\/ita-bnc-ald-00000565-001<br \/>\n<\/a>The most\u00a0relevant parts for the project research find <a href=\"http:\/\/ducac.ipu.hr\/project\/data\/hist\/gozze-2\/\">here<\/a>.<\/p>\n<p>&nbsp;<\/p>\n<p>&nbsp;<\/p>\n<p>&nbsp;<\/p>\n<h5>Philippe du Fresne Canaye, Voyage du L\u00e9vant, M. H. Hauser,Paris: Ernest Leroux editeur MDCCCXCVII<\/h5>\n<p>The whole book see at:\u00a0<a href=\"https:\/\/archive.org\/details\/levoyagedulevan00canagoog\">https:\/\/archive.org\/details\/levoyagedulevan00canagoog<\/a>\u00a0<a href=\"http:\/\/ducac.ipu.hr\/project\/wp-content\/uploads\/du_Fresne_cover.jpg\"><img loading=\"lazy\" decoding=\"async\" class=\" wp-image-5119 alignleft\" src=\"http:\/\/ducac.ipu.hr\/project\/wp-content\/uploads\/du_Fresne_cover.jpg\" alt=\"du_Fresne_cover\" width=\"157\" height=\"228\" srcset=\"https:\/\/ducac.ipu.hr\/project\/wp-content\/uploads\/du_Fresne_cover.jpg 618w, https:\/\/ducac.ipu.hr\/project\/wp-content\/uploads\/du_Fresne_cover-166x240.jpg 166w, https:\/\/ducac.ipu.hr\/project\/wp-content\/uploads\/du_Fresne_cover-552x800.jpg 552w, https:\/\/ducac.ipu.hr\/project\/wp-content\/uploads\/du_Fresne_cover-441x640.jpg 441w\" sizes=\"auto, (max-width: 157px) 100vw, 157px\" \/><\/a><br \/>\nThe most\u00a0relevant parts for the project research find <a href=\"http:\/\/ducac.ipu.hr\/project\/data\/hist\/fresne\/\">here<\/a>.<\/p>\n<p>&nbsp;<\/p>\n<p>&nbsp;<\/p>\n<p>&nbsp;<\/p>\n<h5>Francesco Maria Appendini, Notizie istoricho-critiche sulle antichita storia e letteratura de&#8217; Ragusei, Ragusa, 1802-1803<\/h5>\n<p><img loading=\"lazy\" decoding=\"async\" class=\"wp-image-5237 alignleft\" src=\"http:\/\/ducac.ipu.hr\/project\/wp-content\/uploads\/1.jpg\" alt=\"1\" width=\"166\" height=\"221\" srcset=\"https:\/\/ducac.ipu.hr\/project\/wp-content\/uploads\/1.jpg 575w, https:\/\/ducac.ipu.hr\/project\/wp-content\/uploads\/1-180x240.jpg 180w, https:\/\/ducac.ipu.hr\/project\/wp-content\/uploads\/1-481x640.jpg 481w\" sizes=\"auto, (max-width: 166px) 100vw, 166px\" \/><\/p>\n<p>The whole book see at:\u00a0<a href=\"https:\/\/archive.org\/details\/notizieistorico00appegoog\">https:\/\/archive.org\/details\/notizieistorico00appegoog<br \/>\n<\/a>The most relevant parts for the project find<a href=\"http:\/\/ducac.ipu.hr\/project\/data\/hist\/appendini\/\"> here<\/a>.<\/p>\n<p>&nbsp;<\/p>\n<p>&nbsp;<\/p>\n<p>&nbsp;<\/p>\n<h5>Anonymi item Nicolai de Ragnina, prir. S. Nodilo, Zagrabiae, 1883<\/h5>\n<p><img loading=\"lazy\" decoding=\"async\" class=\" wp-image-5260 alignleft\" src=\"http:\/\/ducac.ipu.hr\/project\/wp-content\/uploads\/2987jhpzjkrg_20160720144642_Page_001-646x1024.jpg\" alt=\"2987jhpzjkrg_20160720144642_Page_001\" width=\"161\" height=\"255\" srcset=\"https:\/\/ducac.ipu.hr\/project\/wp-content\/uploads\/2987jhpzjkrg_20160720144642_Page_001-646x1024.jpg 646w, https:\/\/ducac.ipu.hr\/project\/wp-content\/uploads\/2987jhpzjkrg_20160720144642_Page_001-151x240.jpg 151w, https:\/\/ducac.ipu.hr\/project\/wp-content\/uploads\/2987jhpzjkrg_20160720144642_Page_001-768x1217.jpg 768w, https:\/\/ducac.ipu.hr\/project\/wp-content\/uploads\/2987jhpzjkrg_20160720144642_Page_001-757x1200.jpg 757w, https:\/\/ducac.ipu.hr\/project\/wp-content\/uploads\/2987jhpzjkrg_20160720144642_Page_001-505x800.jpg 505w, https:\/\/ducac.ipu.hr\/project\/wp-content\/uploads\/2987jhpzjkrg_20160720144642_Page_001-404x640.jpg 404w, https:\/\/ducac.ipu.hr\/project\/wp-content\/uploads\/2987jhpzjkrg_20160720144642_Page_001.jpg 1761w\" sizes=\"auto, (max-width: 161px) 100vw, 161px\" \/>The whole book see at:\u00a0<a href=\"http:\/\/dizbi.hazu.hr\/object\/1327\">http:\/\/dizbi.hazu.hr\/object\/1327<\/a><br \/>\nThe most relevant parts for the project find <a href=\"http:\/\/ducac.ipu.hr\/project\/data\/hist\/ragnina\/\">here<\/a>.<\/p>\n<p>&nbsp;<\/p>\n<p>&nbsp;<\/p>\n<p>&nbsp;<\/p>\n<p>&nbsp;<\/p>\n<h5>Serafino Razzi, La Storia di Ragusa, pr. Giuseppe Gelcich, Dubrovnik, 1903<\/h5>\n<p><img loading=\"lazy\" decoding=\"async\" class=\" wp-image-5291 alignleft\" src=\"http:\/\/ducac.ipu.hr\/project\/wp-content\/uploads\/Razzi-Storia-di-Raugia-Lucca-1595_Page_006-755x1024.jpg\" alt=\"Razzi-Storia di Raugia [Lucca, 1595]_Page_006\" width=\"170\" height=\"230\" srcset=\"https:\/\/ducac.ipu.hr\/project\/wp-content\/uploads\/Razzi-Storia-di-Raugia-Lucca-1595_Page_006-755x1024.jpg 755w, https:\/\/ducac.ipu.hr\/project\/wp-content\/uploads\/Razzi-Storia-di-Raugia-Lucca-1595_Page_006-177x240.jpg 177w, https:\/\/ducac.ipu.hr\/project\/wp-content\/uploads\/Razzi-Storia-di-Raugia-Lucca-1595_Page_006-768x1042.jpg 768w, https:\/\/ducac.ipu.hr\/project\/wp-content\/uploads\/Razzi-Storia-di-Raugia-Lucca-1595_Page_006-885x1200.jpg 885w, https:\/\/ducac.ipu.hr\/project\/wp-content\/uploads\/Razzi-Storia-di-Raugia-Lucca-1595_Page_006-590x800.jpg 590w, https:\/\/ducac.ipu.hr\/project\/wp-content\/uploads\/Razzi-Storia-di-Raugia-Lucca-1595_Page_006-472x640.jpg 472w, https:\/\/ducac.ipu.hr\/project\/wp-content\/uploads\/Razzi-Storia-di-Raugia-Lucca-1595_Page_006.jpg 1604w\" sizes=\"auto, (max-width: 170px) 100vw, 170px\" \/>The whole book see at:\u00a0<a href=\"http:\/\/reader.digitale-sammlungen.de\/de\/fs1\/object\/display\/bsb10162114_00005.html\">http:\/\/reader.digitale-sammlungen.de\/de\/fs1\/object\/display\/bsb10162114_00005.html<\/a><br \/>\nThe most relevant parts for the project find<a href=\"http:\/\/ducac.ipu.hr\/project\/data\/hist\/razzi\/\"> here<\/a>.<\/p>\n<p>&nbsp;<\/p>\n<p>&nbsp;<\/p>\n<p>&nbsp;<\/p>\n<h5>Seraphinus Maria Cerva, Prolegomena in sacram metropolim Ragusinam [MDCCXLIV], editio princeps, prir. Relja Seferovi\u0107, Zagreb \u2013 Dubrovnik 2008<\/h5>\n<p><img loading=\"lazy\" decoding=\"async\" class=\" wp-image-6075 alignleft\" src=\"http:\/\/ducac.ipu.hr\/project\/wp-content\/uploads\/prolegomena-707x1024.jpg\" alt=\"prolegomena\" width=\"174\" height=\"252\" srcset=\"https:\/\/ducac.ipu.hr\/project\/wp-content\/uploads\/prolegomena-707x1024.jpg 707w, https:\/\/ducac.ipu.hr\/project\/wp-content\/uploads\/prolegomena-166x240.jpg 166w, https:\/\/ducac.ipu.hr\/project\/wp-content\/uploads\/prolegomena-768x1113.jpg 768w, https:\/\/ducac.ipu.hr\/project\/wp-content\/uploads\/prolegomena-828x1200.jpg 828w, https:\/\/ducac.ipu.hr\/project\/wp-content\/uploads\/prolegomena-552x800.jpg 552w, https:\/\/ducac.ipu.hr\/project\/wp-content\/uploads\/prolegomena-442x640.jpg 442w, https:\/\/ducac.ipu.hr\/project\/wp-content\/uploads\/prolegomena.jpg 1525w\" sizes=\"auto, (max-width: 174px) 100vw, 174px\" \/>No pdf available &#8211; editio princeps.<br \/>\nThe most relevant parts for the project are listed<a href=\"http:\/\/ducac.ipu.hr\/project\/data\/hist\/cerva\/\"> here<\/a>.<\/p>\n","protected":false},"excerpt":{"rendered":"<p>LOCAL HISTORICAL TEXTS Philippi de Diversis de Quartigianis Lucensis artium doctoris eximii et oratoris Situs aedificiorum, politiae et laudabilium consuetudinum inclitae civitatis Ragusii\u00a0[1440] The whole book see at:\u00a0http:\/\/www.ffzg.unizg.hr\/klafil\/croala\/cgi-bin\/navigate.pl?laud.12 The relevant data are included in databse, see:\u00a0http:\/\/ducac.ipu.hr\/project\/mapping\/ The separate analytic map see: here. &nbsp; Della mercatura et del mercante perfeto.Libri quattro di M. Benedetto Cotrugli Ragueo [&hellip;]<\/p>\n","protected":false},"author":2,"featured_media":0,"parent":62,"menu_order":0,"comment_status":"closed","ping_status":"closed","template":"","meta":{"_monsterinsights_skip_tracking":false,"_monsterinsights_sitenote_active":false,"_monsterinsights_sitenote_note":"","_monsterinsights_sitenote_category":0,"footnotes":""},"class_list":["post-4206","page","type-page","status-publish","hentry"],"_links":{"self":[{"href":"https:\/\/ducac.ipu.hr\/project\/wp-json\/wp\/v2\/pages\/4206","targetHints":{"allow":["GET"]}}],"collection":[{"href":"https:\/\/ducac.ipu.hr\/project\/wp-json\/wp\/v2\/pages"}],"about":[{"href":"https:\/\/ducac.ipu.hr\/project\/wp-json\/wp\/v2\/types\/page"}],"author":[{"embeddable":true,"href":"https:\/\/ducac.ipu.hr\/project\/wp-json\/wp\/v2\/users\/2"}],"replies":[{"embeddable":true,"href":"https:\/\/ducac.ipu.hr\/project\/wp-json\/wp\/v2\/comments?post=4206"}],"version-history":[{"count":43,"href":"https:\/\/ducac.ipu.hr\/project\/wp-json\/wp\/v2\/pages\/4206\/revisions"}],"predecessor-version":[{"id":6076,"href":"https:\/\/ducac.ipu.hr\/project\/wp-json\/wp\/v2\/pages\/4206\/revisions\/6076"}],"up":[{"embeddable":true,"href":"https:\/\/ducac.ipu.hr\/project\/wp-json\/wp\/v2\/pages\/62"}],"wp:attachment":[{"href":"https:\/\/ducac.ipu.hr\/project\/wp-json\/wp\/v2\/media?parent=4206"}],"curies":[{"name":"wp","href":"https:\/\/api.w.org\/{rel}","templated":true}]}}