{"id":33,"date":"2015-03-16T13:15:20","date_gmt":"2015-03-16T12:15:20","guid":{"rendered":"http:\/\/ducac.ipu.hr\/project\/?page_id=33"},"modified":"2015-05-27T08:48:31","modified_gmt":"2015-05-27T07:48:31","slug":"impressum","status":"publish","type":"page","link":"https:\/\/ducac.ipu.hr\/project\/home\/impressum\/","title":{"rendered":"impressum"},"content":{"rendered":"<h5>impressum<\/h5>\n<p style=\"text-align: justify;\">official website of the installation research project Dubrovnik: Civitas et Acta Consiliorum. Visualizing the Development of the Late Medieval Urban Fabric (DUCAC) (2014-2017) of Institute of Art History, founded by Croatian Science Foundation<\/p>\n<p><b>publisher\u00a0<\/b><br \/>\nInstitut za povijest umjetnosti \/ Institute of Art History<br \/>\nUlica grada Vukovara 68\/III.<br \/>\nHR-10000, Zagreb, Croatia<\/p>\n<p><b>for the publisher<\/b><br \/>\nMilan Pelc, Head of the Institute<br \/>\n<b><\/b><\/p>\n<p><b>editor in chief\u00a0<\/b><br \/>\nAna Plosni\u0107 \u0160kari\u0107<\/p>\n<p><b>editorial board<\/b><br \/>\nDonatella Calabi, Alessandra Ferrighi, Nada Gruji\u0107, Ana Marinkovi\u0107, and Danko Zeli\u0107<\/p>\n<p><strong>ducac project logo<\/strong>\u00a0Tomislav Vlaini\u0107 \/ DZN Usluge grafi\u010dkog oblikovanja<\/p>\n<p><strong>homepage photo<\/strong> Kre\u0161imir Tadi\u0107, Fototeka IPU \/ Photo archive IPU<\/p>\n<p>&nbsp;<\/p>\n<p><a title=\"z-Webfactory\" href=\"http:\/\/www.z-webfactory.com\" target=\"_blank\"><strong>z-Webfactory<\/strong><\/a>, Mag. Natko Kati\u010di\u0107 a.D. 2015 <strong>fecit<\/strong>.<\/p>\n<p>&nbsp;<\/p>\n<p>Please note that any opinions, findings, and conclusions or recommendations expressed in this material are those of the author(s) and do not necessarily reflect the views of Croatian Science Foundation.<\/p>\n","protected":false},"excerpt":{"rendered":"<p>impressum official website of the installation research project Dubrovnik: Civitas et Acta Consiliorum. Visualizing the Development of the Late Medieval Urban Fabric (DUCAC) (2014-2017) of Institute of Art History, founded by Croatian Science Foundation publisher\u00a0 Institut za povijest umjetnosti \/ Institute of Art History Ulica grada Vukovara 68\/III. HR-10000, Zagreb, Croatia for the publisher Milan [&hellip;]<\/p>\n","protected":false},"author":3,"featured_media":0,"parent":24,"menu_order":0,"comment_status":"closed","ping_status":"closed","template":"","meta":{"_monsterinsights_skip_tracking":false,"_monsterinsights_sitenote_active":false,"_monsterinsights_sitenote_note":"","_monsterinsights_sitenote_category":0,"footnotes":""},"class_list":["post-33","page","type-page","status-publish","hentry"],"_links":{"self":[{"href":"https:\/\/ducac.ipu.hr\/project\/wp-json\/wp\/v2\/pages\/33","targetHints":{"allow":["GET"]}}],"collection":[{"href":"https:\/\/ducac.ipu.hr\/project\/wp-json\/wp\/v2\/pages"}],"about":[{"href":"https:\/\/ducac.ipu.hr\/project\/wp-json\/wp\/v2\/types\/page"}],"author":[{"embeddable":true,"href":"https:\/\/ducac.ipu.hr\/project\/wp-json\/wp\/v2\/users\/3"}],"replies":[{"embeddable":true,"href":"https:\/\/ducac.ipu.hr\/project\/wp-json\/wp\/v2\/comments?post=33"}],"version-history":[{"count":17,"href":"https:\/\/ducac.ipu.hr\/project\/wp-json\/wp\/v2\/pages\/33\/revisions"}],"predecessor-version":[{"id":2259,"href":"https:\/\/ducac.ipu.hr\/project\/wp-json\/wp\/v2\/pages\/33\/revisions\/2259"}],"up":[{"embeddable":true,"href":"https:\/\/ducac.ipu.hr\/project\/wp-json\/wp\/v2\/pages\/24"}],"wp:attachment":[{"href":"https:\/\/ducac.ipu.hr\/project\/wp-json\/wp\/v2\/media?parent=33"}],"curies":[{"name":"wp","href":"https:\/\/api.w.org\/{rel}","templated":true}]}}