{"id":2501,"date":"2015-06-04T14:29:47","date_gmt":"2015-06-04T13:29:47","guid":{"rendered":"http:\/\/ducac.ipu.hr\/project\/?page_id=2501"},"modified":"2021-01-25T20:15:00","modified_gmt":"2021-01-25T19:15:00","slug":"b2-monasterium-fratum-minorum","status":"publish","type":"page","link":"https:\/\/ducac.ipu.hr\/project\/mapping\/b2-segment\/b2-monasterium-fratum-minorum\/","title":{"rendered":"b2 monasterium fratum minorum"},"content":{"rendered":"<h4><span style=\"color: #00ccff;\"><a style=\"color: #00ccff;\" href=\"http:\/\/ducac.ipu.hr\/project\/mapping\/b2-segment\/\">b2<\/a><\/span><\/h4>\n<h5>monasterium fratrum minorum de Ragusio<\/h5>\n<p><strong>1409<\/strong>-10-21 Pro fratre Laurencio guardiano<br \/>\n(\u2026) Et similiter [in minori consilio] captum fuit et declaratum quod dicti <strong>procuratores [fratrum minorum<\/strong> de Ragusio] accipiant in racionem yperperos viginti tres expensis pro<strong> pozale<\/strong> et<strong> vera gisterne<\/strong> salvo si dicti procuratores vel fratres sostenderint fratri Laurencio quod alia vice fuerit positum in racione in aliquo libro vel receptum pro aliquibus elemosinas qui tunc teneatur satisfacere idem frater Laurencius. Et similiter declaratum fuit quod illi perperi XXII dati per dictum fratrum Laurencium cuidam de Signis pro certo <strong>lignamine<\/strong> sint dicti fratri Laurencii et quod dicti procuratores non recipiant illos in racione. (Ref 33, f. 120v)<\/p>\n<p><strong>1412<\/strong>-09-22<br \/>\nCaptum fuit in minori consilio de asuciendo (?) guardiano fratrum minorum et ser Pasquali de Sorgo et ser Clementi de Resti <strong>procuratoribus fratrum minorum<\/strong> de Ragusio quod ipsi pro meliori utilitate <strong>ecclesie<\/strong> possint locare Iohani Antonii de Richo de Florencia speciario in Ragusio<strong> domum<\/strong> cum<strong> stacione<\/strong> dicte<strong> ecclesie<\/strong> in qua ad presens habitat idem Iohanes ad artem speciarie pro yperperos quadraginta singulo anno usque ad annos quadraginta sex venturis, cum condicione quod dictus Iohannes presens et consciens teneatur suis propriis expensis aptare &lt;et&gt; reparare dictam<strong> domum<\/strong> omnibus suis expensis. Et similiter suis expensis teneatur levare de novo uno<strong> palmento<\/strong> cum<strong> cooperta<\/strong> et murare ubi necesse fuerit. Et cum fuerit elevata in altum ut predictum, possit aliis locare et affitare ad suam voluntatem semper salvis et resservatis iuribus ecclesie in dictis perperis quadraginta. (Ref 34, f. 41v)<\/p>\n<p><strong>1418<\/strong>-07-16<br \/>\nCaptum fuit de consentiendo <strong>procuratoribus ecclesie Sancti Francisci<\/strong> de Ragusio &lt;pro&gt; reparatione<strong> ecclesie<\/strong> modia centum<strong> calcis<\/strong> pro eorum denariis. (CMin 2, f. 1v)<br \/>\n1418-8-18 Pro fratre Laurencio de Mence<br \/>\nCaptum fuit de ordinando ut guardianus fratrum minorum et custos dare debeant fratri Laurencio de Menze eius<strong> cellam<\/strong> in<strong> loco ordinis fratrum minorum<\/strong> quam alias habere consuevit in dicto ordine. (CMin 2, f. 8v)<br \/>\n1418-08-18 Pro fratre Laurentio pro <strong>celia<\/strong><br \/>\nCaptum fuit quod frater Laurencius de Mence qui redit ad dominum Balsam pro relatione sue ambassiate dimittere debeat<strong> claves<\/strong> sue<strong> celle<\/strong> in manibus<strong> procuratorum conventus sancti Francisci<\/strong> cum hac condicione quod si redierit per totum mensem septembris proxime futurum prout dixit se rediturum dicta<strong> clavis<\/strong> sit ad eius peticionem si autem ad dictum terminum non rediret dicta<strong> clavis<\/strong> et<strong> cella <\/strong>sit ad peticionem fratrum dicti<strong> conventus<\/strong>. (CMin 2, f. 8v)<br \/>\n1418-09-10 Pro <strong>procuratoribus Sancti Francisci<\/strong><br \/>\nCaptum fuit de consentiendo <strong>procuratoribus ordinis Sancti Francisci<\/strong> duas<strong> trabes<\/strong> ex illis qui sunt ad <strong>portam Pillarum<\/strong> que empte fuerunt pro domo artis lane quas dicti procuratores solvere teneantur nostro comuni pro eo precio quo per nostrum comune empte fuerunt. (CMin 2, f. 11r)<br \/>\n1418-09-20 Pro fratribus minoribus<br \/>\nCaptum fuit de concedendo ex gratia <strong>conventui<\/strong> et fratribus <strong>ordinis minorum <\/strong>quod pro faciendo duos<strong> arcus<\/strong> oportunos in eorum<strong> ecclesia<\/strong> habere possint ab officialibus artis lane<strong> ligna<\/strong> duo dummodo exinde dicti officiales non finiscerent laborerium dicte artis. (CMin 2, f. 13r)<\/p>\n<p style=\"text-align: justify;\"><strong>1422<\/strong>-10-01 Pro <strong>canapo<\/strong> conprestando fratribus minoribus<br \/>\nCaptum fuit quod officiales armamenti conprestare debeant de <strong>canapis comunis procuratoribus conventus Sancti Francisci de Ragusio<\/strong> pro deponendo<strong> campanam<\/strong> de<strong> campanili<\/strong> eiusdem, dando<strong> procuratores<\/strong> predicti\u00a0pignus sufficiens de argento de restituendo<strong> canapos<\/strong> quos receperint illesos. (CMin 3, f. 13v)<br \/>\n1422-11-28 Pro accipiendo <strong>stragnum<\/strong> magnum <strong>fratrum minorum<\/strong> pro milio comunis<br \/>\n[ball. LXXXXVIIII]\nPrima pars est de accipiendo<strong> stragnum<\/strong> magnum<strong> fratrum<\/strong> seu<strong> conventus Sancti Francisci de Ragusio<\/strong> apud<strong> coquinam<\/strong> dicti<strong> conventus<\/strong> pro retinendo ibidem milium comunis. Et de providendo dicto <strong>conventui<\/strong> de yperperis ducentis de denariis nostri comunis pro quodam laborerio ibidem in dicto conventu futuro. Captum per LXXXIII, contra XVI. (CMa 2, f. 104v)<br \/>\n1424-02-15 Libertas <strong>massariis<\/strong><br \/>\nCaptum fuit de dando libertatem <strong>massariis bladorum<\/strong> possendi aptare sive aptari facere<strong> domos fratrum predicatorum &lt;et fratrum minorum&gt;<\/strong> in quibus est milium comunis eo modo prout eis videbitur melius ad expensis comunis. (CMin 3, f. 121v)<\/p>\n<p style=\"text-align: justify;\"><strong>1423<\/strong>-05-29 Pro <strong>sartiis<\/strong> concedendis fratribus minoribus<br \/>\nCaptum fuit de dando libertatem officialibus armamenti quod dare debeant mutuo<strong> fratribus minoribus Ragusii sartias<\/strong> pro trahendo<strong> campanam<\/strong> suam super<strong> campanile<\/strong> suum accipiendo ab eis pignus sufficiens. (CMin 3, f. 72r)<\/p>\n<p style=\"text-align: justify;\"><strong>1424<\/strong>-12-14 Pro fratribus minoribus pro pena frumenti gracia<br \/>\nCaptum fuit de liberando fratres et <strong>conventus sancti Francisci<\/strong> de Ragusa et de franchando ipsos a pena quarti de frumento quod ultimo fuit diviso per civitatem et de precipendo officialibus super hoc deputatis quod fratres predictos pro dicta pena molestare non audeant. (CMin 3, f. 181r)<\/p>\n<p style=\"text-align: justify;\"><strong>1425<\/strong>-10-04 Pro <strong>Bosidar<\/strong> et <strong>Radun lapicidis<\/strong><br \/>\nCaptum fuit de dimittendo <strong>Bosidar lapicidam<\/strong> ire ad <strong>calcinam<\/strong> suam ita tamen quod nemini possit laborari preterquam <strong>calcarie<\/strong> sue. Ita tamen quod <strong>Radun<\/strong> socius eius attendere debeat ad laborerium <strong>campanilis Sanctorum Laurentii, Petri et Andree.<\/strong> Preterquam si <strong>magistri<\/strong> predicti essent occupati ad laboreria in<strong> conventum Sancti Francisci<\/strong> videlicet voltare quod sequi debeant laboreria<strong> voltarum<\/strong> predictarum. (CMin 3, f. 257r, dokument objavljen u \/ the document published in Novak Klemen\u010di\u010d 2014, 13, bilje\u0161ka \/ note 30)<\/p>\n<p style=\"text-align: justify;\"><strong>1435<\/strong>-04-06 Pro officialibus armamenti pro <strong>trabe<\/strong> ulini danda fratribus minoribus<br \/>\nCaptum fuit quod officiales armamenti dono dare debeant <strong>lignum<\/strong> unum ulini brachiiis decem quod est in <strong>arsanata<\/strong> nostra <strong>fratribus minoribus conventus<\/strong> nostri Ragusii oportunum pro <strong>campana<\/strong> magna ipsius conventus. Et quod sibi commodare debeant <strong>taglias<\/strong> et <strong>sartiam<\/strong> pro trahendo ipsam supra in <strong>turrim.<\/strong> (CMin 6, f. 242r)<br \/>\n1435-06-02 Pro Vitcho Zivanovich pro <strong>sepulcro<\/strong> comunicato<br \/>\nCaptum fuit quod <strong>sepulcrum<\/strong> Bositchi Radomirich sartoris quod est in <strong>conventu fratrum minorum<\/strong> Ragusii ante <strong>portam loci capituli<\/strong> ipsius conventus super quo scriptum est nomen ipsius Bositchi sit dicti Bositchi et heredum suorum et similiter Vitchi Zivanovich qui possit scribi sive scolpiri facere nomen suum videlicet quomodo dictum sepulcrum est ipsius Vitchi et suorum heredum. Et hoc quia Staniza &#8230; scripti Bositchi et Matchus Pripchovich nepos illius Stanize contenti sunt comunicare illud <strong>sepulcrum<\/strong> predicto Vitcho Zivanovich. (CMin 6, f. 252v)<br \/>\n1435-07-14 Pro Decussa Pribii pro <strong>sepulcro<\/strong><br \/>\nCaptum fuit quod Decussa relicta Pribii &lt;&#8230;&gt; que coram domino rectori et suo consilio conquesta fuit quomodo literas sepulture mariti sui, que <strong>sepultura<\/strong> posita est in <strong>conventu Sancti Francisci<\/strong> penes <strong>portam<\/strong> qua itur in <strong>dormitorio,<\/strong> fuerant abrase et devastate ipsas literas possit et valeat refici et rescribi sive scolpiri facere ponendo nomen sui mariti et hoc quia duo ex consiliariis parvi consilii missi ad ipsum inveniendum et examinandum sepulturam reportaverunt illud fuisse dicti olim Pribii mariti predicte Decusse. (CMin 6, f. 263r)<\/p>\n<p style=\"text-align: justify;\"><strong>1436<\/strong>-08-24 Pro Matulino pro <strong>sepulcro<\/strong><br \/>\nSer Martolus de Georgio et ser Iunius Mat. de Gradi consiliarii minoris consilii ex commissione et libertate eis data per dictum minus consilium declaraverunt quod <strong>sepulcrum<\/strong> quod vendidit Radossavus Miolevich Matulino Mladienovich in <strong>ecclesia fratrum minorum<\/strong> de Ragusio ut apparet in <strong>cancelaria<\/strong> 1427 indictione 5 die 21 augusti et quod dicit esse subtus <strong>pulpitum<\/strong> ubi donne sedent quando predicatur in <strong>ecclesia<\/strong> non est sub <strong>pulpito<\/strong> sed est prope <strong>pulpitum<\/strong> ibi ubi donne sedent quando predicatur super quo <strong>sepulcro<\/strong> per ipsum Matulinum empto ut prefertur idem Matulinus literas sculpere et arma sua facere possit pro sua libera voluntate tamquam super proprio <strong>sepulcro.<\/strong> (CMin 7, f. 81v)<\/p>\n<p style=\"text-align: justify;\"><strong>1437<\/strong>-03-23 Pro <strong>officialibus laborerii regiminis<\/strong><br \/>\nCaptum fuit quod <strong>officiales laborerii regiminis<\/strong> dono dare debeant <strong>procuratoribus conventus minorum<\/strong> Ragusii pro laborerio ipsius <strong>eccllesie trabis<\/strong> sive <strong>ligna<\/strong> quinque arexi. (CMin 7, f. 134r)<br \/>\n1437-04-09 Pro complendo <strong>corum<\/strong> super <strong>ballatorium<\/strong> in <strong>monasterio minorum<\/strong><br \/>\nCaptum fuit quod <strong>procuratores monasterii Sancti Francisci<\/strong> cum celeritate conpleri facere debeant <strong>chorum<\/strong> supra <strong>ballatorium<\/strong> prout opus est. Et quod solvere debeant nabulum barche que conduxit fratrem Gullinum et alios fratres et ultra nabulum yperperis decem quos idem frater Gullinus expendidit in faciendum expensam fratribus secum ducentis et quod <strong>capsellam<\/strong> eorum in qua tenetur denarios ponere debeat in <strong>camera.<\/strong> (CMin 7, f. 138v)<br \/>\n1437-05-15 Pro <strong>conventu Sancti Francisci<\/strong> pro <strong>matonis<\/strong> 1500<br \/>\nCaptum fuit de mutuando <strong>conventui<\/strong> nostro <strong>Sancti Francisci<\/strong> miliare unum cum dimidio <strong>matonorum<\/strong> ex illis qui sunt in <strong>regimine<\/strong> nostrum pro fabrica ipsius regiminis. (CMin 7, f. 148r)<br \/>\n1437-10-29 II <strong>trabes<\/strong> donate <strong>fratribus minoribus<\/strong> de Ragusio<br \/>\nCaptum fuit de donando duas <strong>trabes<\/strong> vetuste de larese ex illis <strong>regiminis conventui ordinis fratrum Sancti Francisci.<\/strong> (CMin 7, f. 165v)<\/p>\n<p style=\"text-align: justify;\"><strong>1438<\/strong>-03-31 Pro <strong>monasterio<\/strong> et <strong>conventu Sancti Francisci<\/strong><br \/>\nPrima pars est quod <strong>procuratores monasterii Sancti Francisci<\/strong> in Ragusio gualizare faciant <strong>teritorium<\/strong> et <strong>amblitum sepulcrorum<\/strong> existentium in conventu et <strong>ecclesia<\/strong> sancti Francisci predicta, et simliter ipsas <strong>sepulturas<\/strong> gualizare faciant. Per XXVIII contra V.<br \/>\nSecunda pars est de non <em>(cancell.)<\/em> (CRog 6, f. 187v)<\/p>\n<p style=\"text-align: justify;\"><strong>1439<\/strong>-02-09 Pro <strong>monasterio Sancti Francisci<\/strong><br \/>\nCaptum fuit quod <strong>procuratores monasterii Sancti Francisci<\/strong> nullam inovationem facere debeant de laboreriis quos vicarius conventus dicti monasterii fieri petit in dicto monasterio sed stare debeat dictum monasterium in eo statu et esse quod et prout stat cum in eo provisione nil defficiat ad necessaria conventus. (CMin 8, f. 27r)<br \/>\n1439-05-28 Pro Antonio Gruchanovich<br \/>\nCaptum fuit quod <strong>sepultura<\/strong> que fuit olim Pribne uxoris Dabixini Pricich de Zuppana posita in <strong>claustro monasterii Sancti Francisci<\/strong> de Ragusio apud <strong>portam<\/strong> qua itur in <strong>coquinam<\/strong> sit et esse debeat Antonii Gruchovich dicti Gutezevich et suorum heredum in perpetuum et hoc quia constavit presenti consilio per testes et in formam scriptam per comitem Zuppane dictam quondam Pribnam donasse et renuntiasse eidem Antonio dictam <strong>sepulturam<\/strong> cum hoc quod dicta Pribna quantum decederet sepeliri possit in qua dicta <strong>sepultura<\/strong> dicti Antonii posita ante ecclesiam Sancti Michaelis in Zupana in qua quidem <strong>sepultura<\/strong> ipisus Antonii etiam constavit presenti consilio ipsam Pribnam tempore eius mortis sepultam fuisse. Et hoc salvo semper omni suo iure cuicunque alii habenti meliora et potiora iura in ipsa sepultura. (CMin 8, f. 60r)<\/p>\n<p style=\"text-align: justify;\"><strong>1440<\/strong>-10-26 Libertas data <strong>massariis bladorum<\/strong> pro repezando <strong>cohopertam conventus Sancti Francisci<\/strong> pro mileo comunis<br \/>\nCaptum fuit de dando libertatem <strong>massariis<\/strong> nostri communis quod possint et debeant repezari facere <strong>cohopertam conventus Sancti Francisci<\/strong> super <strong>magazenum<\/strong> ubi stat milium nostri comunis prout eis opportunum esse videbitur. (CMin 8, f. 199v)<\/p>\n<p style=\"text-align: justify;\"><strong>1441<\/strong>-06-13 Pro <strong>sepultura<\/strong> Petri de Primo<br \/>\nCaptum fuit audita peticione Petri de Primo facta pro una eius <strong>sepultura<\/strong> existente in <strong>ecclesia fratrum minorum<\/strong> ad interiore <strong>porta cori<\/strong> eiusdem <strong>ecclesie<\/strong> et visa relatione duorum nostrorum consiliarium minoris consilii missorum ad videndum dictam <strong>sepulturam<\/strong> qui retulerunt dictum Petrum de Primo dictam <strong>sepulturam<\/strong> de novo fieri fecisse et in ea aliquod ad huc reportatum non esse prout probatum fuit per legiptimas guarenticias superinde repertas quod dictus Petrus de Primo possit facere de dicta <strong>sepultura<\/strong> omnem suam voluntatem tamquam de re propria. (CMin 8, f. 260v)<\/p>\n<p style=\"text-align: justify;\"><strong>1442<\/strong>-05-17<br \/>\nCaptum fuit de concedendo Radivoy barbitonsori et fratribus quod possint libere murari, laborari et reaptari facere <strong>sepulturam<\/strong> eorum existentem in <strong>ecclesia Sancti Francisci<\/strong> prope <strong>portam<\/strong> ipsius <strong>ecclesie<\/strong> pro libito voluntatis. Et hoc quia minori consilio constavit ex relatio duorum de consilio missorum ad videndum ipsam <strong>sepulturam<\/strong> dictus Radivoy et eius fratres ius habere in ipsa <strong>sepultura.<\/strong> Reservato tamen iure habentibus pociora iura in dictam <strong>sepulturam<\/strong> quod dictus Radivoy et fratres eius habeant non permutando nec variando scripturam scriptam super dictam <strong>sepulturam.<\/strong> (CMin 9, f. 83v)<br \/>\n1442-06-09 Pro Pribissava relicta Radovaz<br \/>\nCaptum fuit quod <strong>sepultura<\/strong> que dicitur fuisse Radovaz Petossevich in <strong>claustro Sancti Francisci<\/strong> propter legatum quod facit idem Radovaz Pribissave uxori sue in suo testamento de ipsa <strong>sepultura<\/strong> quod sit et esse debeat dicte Pribissave relicte dicti olim Radovaz. Et quod ipsa Pribissava possit super <strong>lapide<\/strong> sive <strong>plancha<\/strong> ipsius sepulture insculpi nomen et literas nominis ipsius olim Radovaz mariti sui. Ita tamen quod salvum sit ius unicuique pretendenti ius habere in ipsa <strong>sepultura.<\/strong> (CMin 9, f. 94v)<\/p>\n<p style=\"text-align: justify;\"><strong>1446<\/strong>-02-16 Pro <strong>sepultura<\/strong> magistri Thomaxii medici<br \/>\nAudita peticione magistri Thomaxii de Ancona medici salariati comunis Ragusii dicentis sibi per Martolum et Marinum de Mislien fraters donatam fuisse unam <strong>sepulturam<\/strong> positam et constructam in <strong>cimiterio ecclesie Sancti Francisci<\/strong> de Ragusio videlicet sub <strong>porta capituli<\/strong> eiusdem super qua sculpi facere vellet per <strong>lapicidam<\/strong> incidi fierique literas eius subscriptionis ut cognosci nunc et in futurum possit ad futurorum memoriam dictam <strong>sepulturam<\/strong> fore et esse personam ipsius magistri Thomaxii visique relatione duorum consiliariorum videlicet ser Iunii Marcii de Crieva et ser Michaelis de Zamgno qui ivisse faciunt per dominum ad videndum et examinandum dictam <strong>sepulturam<\/strong> dicentes dictam <strong>sepulturam<\/strong> reperuisse esse illam quam dicti de Mislien donaverant ipsi magistro Thomaxio tam per subscriptionem factam per illos di Misilen quam etiam per informationem sumptam a fratribus monasterii sancti Francisci. Et viso etiam quod Martolus de Mislien constituti in minori consilio coram domino rectori et eius consilio predicto oram confirmavit fuisse et esse vera. Captum fuit quod dictus magister Thomaxius tamquam verus dominus et patronus dicte <strong>sepulture<\/strong> sibi alias donate habere pro suo libera voluntate fieri facere possit super ipsam <strong>sepulturam<\/strong> arma sua et literas ac inscriptioenm sui nominis et de ea sepultura facere omnem suam voluntatem tamquam de re sua propria. (CMin 10, f. 217r)<\/p>\n<p style=\"text-align: justify;\"><strong>1449<\/strong>-03-13 Pro <strong>sepultura<\/strong> Catarine Volotice<br \/>\nCaptum fuit quod Catarina Volotiza possit consentire et dare Marcho Illich dicto Pes unam ex duabus eius <strong>sepulturis<\/strong> quas habet in <strong>claustro monasterii fratrum eclesie Sancti Francisci<\/strong> apud <strong>portam refectorii<\/strong> videlicet illam in qua non sunt aliqua ossa mortuorum. Et hoc attento quod pro allegente informatiam scriptam per consularios minori consilii amissos superinde ad locum constant ipsum Catarinam heredem ipsas duas <strong>sepulturas<\/strong> ad eius spectantes. (CMin 12, f. 60v)<\/p>\n<p style=\"text-align: justify;\">See also:<br \/>\nde conventu Sancti Francisci: <a href=\"http:\/\/www.ffzg.unizg.hr\/klafil\/croala\/cgi-bin\/getobject.pl?c.12:4.laud\">Philippi de Diversis de Quartigianis Lucensis artium doctoris eximii et oratoris Situs aedificiorum, politiae et laudabilium consuetudinum inclitae civitatis Ragusii [1440], Pars secunda, Cap V, 30, 31<br \/>\n<\/a><a href=\"http:\/\/ducac.ipu.hr\/project\/data\/hist\/razzi\/\">Serafino Razzi, La Storia di Ragusa, pr. Giuseppe Gelcich, Dubrovnik, 1903<br \/>\n<\/a>Seraphinus Maria Cerva, Prolegomena in sacram metropolim Ragusinam [MDCCXLIV], editio princeps, prir. Relja Seferovi\u0107. Caput XXXII. de paroeciis in Ragusina dioecesi, monasteriis ac insignioribus templis locisque piis. 427-434; Caput XXXVI. De sacris Ragusii reliquiis. 447-497<\/p>\n","protected":false},"excerpt":{"rendered":"<p>b2 monasterium fratrum minorum de Ragusio 1409-10-21 Pro fratre Laurencio guardiano (\u2026) Et similiter [in minori consilio] captum fuit et declaratum quod dicti procuratores [fratrum minorum de Ragusio] accipiant in racionem yperperos viginti tres expensis pro pozale et vera gisterne salvo si dicti procuratores vel fratres sostenderint fratri Laurencio quod alia vice fuerit positum in [&hellip;]<\/p>\n","protected":false},"author":2,"featured_media":0,"parent":2016,"menu_order":0,"comment_status":"closed","ping_status":"closed","template":"","meta":{"_monsterinsights_skip_tracking":false,"_monsterinsights_sitenote_active":false,"_monsterinsights_sitenote_note":"","_monsterinsights_sitenote_category":0,"footnotes":""},"class_list":["post-2501","page","type-page","status-publish","hentry"],"_links":{"self":[{"href":"https:\/\/ducac.ipu.hr\/project\/wp-json\/wp\/v2\/pages\/2501","targetHints":{"allow":["GET"]}}],"collection":[{"href":"https:\/\/ducac.ipu.hr\/project\/wp-json\/wp\/v2\/pages"}],"about":[{"href":"https:\/\/ducac.ipu.hr\/project\/wp-json\/wp\/v2\/types\/page"}],"author":[{"embeddable":true,"href":"https:\/\/ducac.ipu.hr\/project\/wp-json\/wp\/v2\/users\/2"}],"replies":[{"embeddable":true,"href":"https:\/\/ducac.ipu.hr\/project\/wp-json\/wp\/v2\/comments?post=2501"}],"version-history":[{"count":50,"href":"https:\/\/ducac.ipu.hr\/project\/wp-json\/wp\/v2\/pages\/2501\/revisions"}],"predecessor-version":[{"id":6351,"href":"https:\/\/ducac.ipu.hr\/project\/wp-json\/wp\/v2\/pages\/2501\/revisions\/6351"}],"up":[{"embeddable":true,"href":"https:\/\/ducac.ipu.hr\/project\/wp-json\/wp\/v2\/pages\/2016"}],"wp:attachment":[{"href":"https:\/\/ducac.ipu.hr\/project\/wp-json\/wp\/v2\/media?parent=2501"}],"curies":[{"name":"wp","href":"https:\/\/api.w.org\/{rel}","templated":true}]}}