{"id":2113,"date":"2015-04-25T21:21:28","date_gmt":"2015-04-25T20:21:28","guid":{"rendered":"http:\/\/ducac.ipu.hr\/project\/?page_id=2113"},"modified":"2015-04-25T21:58:01","modified_gmt":"2015-04-25T20:58:01","slug":"nada-grujic","status":"publish","type":"page","link":"https:\/\/ducac.ipu.hr\/project\/people\/nada-grujic\/","title":{"rendered":"Nada Gruji\u0107"},"content":{"rendered":"<h5>Nada Gruji\u0107<\/h5>\n<p style=\"text-align: justify;\">has been teaching since 1990 courses on urbanism, architecture and Renaissance theory topics at the Department of Art History, Faculty of Humanities and Social Sciences, University of Zagreb; was teaching and supervising dissertations at the Doctoral studies of the same department, and was its Director 1997-1999. She was also teaching at the Doctoral studies of Interuniversity centre Dubrovnik; at Doctoral studies Scuola Studi Avanzati, Venice and since 2002 at Master Europeo in Storia dell&#8217;Architettura, Roma, founded by Universit\u00e0 degli Studi Roma Tre, Universit\u00e9 Paris 8, Universidad Polit\u00e9cnica de Madrid i Universit\u00e9 de Provence-Aix-Marseille 1. Since 1984 she is a collaborator at CESR \u2013 Universit\u00e9 Fran\u00e7ois Rabelais, Tours, and since 2003 a collaborator at Centre Andr\u00e9 Chastel, INHA Paris. She held lectures at the University J. W. Goethe, Frankfurt, University of Gen\u00e8ve, Lausanne and Pavia. From 1964 to 1990 she was a researcher at the Institute of Art History conducting studies and research on more than 1500 churches, monasteries, public buildings, systems of defence, residential buildings and residential assemblies as well as on urban development and the changes of the urban tissue in the numerous towns on the Eastern Adriatic coast and especially in Dubrovnik.<\/p>\n<p style=\"text-align: justify;\">As a leader and coordinator she conducted the conservational studies in Dubrovnik after the earthquake 1979 and the war 1991-1995 to facilitate the quality renovation of the urban tissue.<\/p>\n<p style=\"text-align: justify;\">N. Gruji\u0107 was PI of the projects &#8220;Public and residential architecture in Dalmatia&#8221; (2007-2013); &#8220;Kne\u017eev dvor in Dubrovnik&#8221; (2002-2006); &#8220;Residential architecture in Dubrovnik and its region in 15th and 16th century&#8221; (1996-2001); &#8220;Dubrovnik \u2013 modifications of the urban tissue and typology of residential architecture 15th -16th century&#8221; (1992-1995).<\/p>\n<p style=\"text-align: justify;\">N. Gruji\u0107\u2019s research interests are urban development, changes of urban tissue, public building, residential architecture, urban history of the towns on the Eastern Adriatic Coast especially Dubrovnik.<\/p>\n<p><a href=\"https:\/\/bib.irb.hr\/lista-radova?autor=14731\">https:\/\/bib.irb.hr\/lista-radova?autor=14731<\/a><br \/>\n<a href=\"mailto:nada.grujic@zg.t-com.hr\">nada.grujic@zg.t-com.hr<\/a><\/p>\n","protected":false},"excerpt":{"rendered":"<p>Nada Gruji\u0107 has been teaching since 1990 courses on urbanism, architecture and Renaissance theory topics at the Department of Art History, Faculty of Humanities and Social Sciences, University of Zagreb; was teaching and supervising dissertations at the Doctoral studies of the same department, and was its Director 1997-1999. She was also teaching at the Doctoral [&hellip;]<\/p>\n","protected":false},"author":2,"featured_media":0,"parent":72,"menu_order":0,"comment_status":"closed","ping_status":"closed","template":"","meta":{"_monsterinsights_skip_tracking":false,"_monsterinsights_sitenote_active":false,"_monsterinsights_sitenote_note":"","_monsterinsights_sitenote_category":0,"footnotes":""},"class_list":["post-2113","page","type-page","status-publish","hentry"],"_links":{"self":[{"href":"https:\/\/ducac.ipu.hr\/project\/wp-json\/wp\/v2\/pages\/2113","targetHints":{"allow":["GET"]}}],"collection":[{"href":"https:\/\/ducac.ipu.hr\/project\/wp-json\/wp\/v2\/pages"}],"about":[{"href":"https:\/\/ducac.ipu.hr\/project\/wp-json\/wp\/v2\/types\/page"}],"author":[{"embeddable":true,"href":"https:\/\/ducac.ipu.hr\/project\/wp-json\/wp\/v2\/users\/2"}],"replies":[{"embeddable":true,"href":"https:\/\/ducac.ipu.hr\/project\/wp-json\/wp\/v2\/comments?post=2113"}],"version-history":[{"count":2,"href":"https:\/\/ducac.ipu.hr\/project\/wp-json\/wp\/v2\/pages\/2113\/revisions"}],"predecessor-version":[{"id":2144,"href":"https:\/\/ducac.ipu.hr\/project\/wp-json\/wp\/v2\/pages\/2113\/revisions\/2144"}],"up":[{"embeddable":true,"href":"https:\/\/ducac.ipu.hr\/project\/wp-json\/wp\/v2\/pages\/72"}],"wp:attachment":[{"href":"https:\/\/ducac.ipu.hr\/project\/wp-json\/wp\/v2\/media?parent=2113"}],"curies":[{"name":"wp","href":"https:\/\/api.w.org\/{rel}","templated":true}]}}