{"id":105,"date":"2015-03-26T18:24:33","date_gmt":"2015-03-26T17:24:33","guid":{"rendered":"http:\/\/ducac.ipu.hr\/project\/?page_id=105"},"modified":"2015-04-25T21:55:58","modified_gmt":"2015-04-25T20:55:58","slug":"danko-zelic","status":"publish","type":"page","link":"https:\/\/ducac.ipu.hr\/project\/people\/danko-zelic\/","title":{"rendered":"Danko Zelic"},"content":{"rendered":"<h5><span lang=\"en-GB\">Danko Zeli\u0107<\/span><\/h5>\n<p style=\"text-align: justify;\"><span lang=\"en-GB\">is a senior research adviser at the Institute of Art History, Zagreb, and has been working as a researcher at the Institute since 1989. In 1992 he defended his MA theses (Spatial Organisation of the Island of Krk in Roman Antiquity), and in 1999 his PhD theses (Emergence and Urban Development of \u0160ibenik in the Middle Ages), both supervised by Igor Fiskovi\u0107, at the Department of Art History, Faculty of Humanities and Social Sciences, University of Zagreb. He has been teaching at the Art History Department, University of Zadar and also at the Doctoral studies at the same University, supervising dissertations; has been teaching at the Doctoral studies at the Department of Art History, Faculty of Humanities and Social Sciences, University of Zagreb. He conducted archival inquiries in Dr\u017eavni arhiv Dubrovnik, Dr\u017eavni arhiv Zadar, Arhiv HAZU u Zagrebu, Archivio di Stato in Venice and Archives nationales in Paris. <\/span><\/p>\n<p style=\"text-align: justify;\"><span lang=\"en-GB\">D. Zeli\u0107 was PI of the project &#8220;Medieval Architecture and Urban Development in Croatia&#8221; (2012-2014); and PI of the project &#8220;Croatian Art-History Terminology \u2013 Establishment of the Thesaurus&#8221; (2007-2009), a team member at the project &#8220;Artistic Heritages from Antiquity to Early modern age&#8221; (2000-2006, head of the project Diana Vuki\u010devi\u0107 Samar\u017eija). In 1993 he was a visiting fellow at Paris IV (Sorbonne) \/ French Government grant. Since 2005 he is a member of the editorial board of the journal &#8220;Radovi Instituta za povijest umjetnosti \/ Journal of the Institute of Art History&#8221;; since 2009 a member of the editorial board of &#8220;Kvartal, Chronic of Art History in Croatia&#8221;; 1994-2005 a member of organizing committee of conferences at International Centre for Late Antiquity and Medieval Age, Motovun (head: Miljenko Jurkovi\u0107). He was collaborator at the exhibition projects &#8220;Sveti trag \/ Sacred token&#8221; (1994), &#8220;Mir i dobro \/ Pax et Bonum&#8221; (2000), &#8220;Kre\u0161imir Tadi\u0107 &#8211; Fotografije&#8221; (2000), &#8220;Hrvatska renesansa \/ Renaissance in Croatia&#8221; (2004), &#8220;Renesansa u Francuskoj \/ Renaissance in France&#8221; (2005) and &#8220;Dominikanci u Hrvatskoj \/ Dominicans in Croatia&#8221; (2007\/2008). <\/span><\/p>\n<p><span lang=\"en-GB\">D. Zeli\u0107\u2019s research interest are urban history and urban development of medieval Croatian towns, archival sources. <\/span><\/p>\n<p><a href=\"http:\/\/www.ipu.hr\/suradnici\/znanstvenici\/21\/Danko_Zelic\"><span lang=\"en-GB\">http:\/\/www.ipu.hr\/suradnici\/znanstvenici\/21\/Danko_Zelic<br \/>\n<\/span><\/a><span lang=\"en-GB\"><a href=\"https:\/\/bib.irb.hr\/lista-radova?autor=169151\">https:\/\/bib.irb.hr\/lista-radova?autor=169151<br \/>\n<\/a><\/span><a href=\"http:\/\/ipu-hr.academia.edu\/DankoZelic\"><span lang=\"en-GB\">http:\/\/ipu-hr.academia.edu\/DankoZelic<br \/>\n<\/span><\/a><span lang=\"en-GB\"><a href=\"mailto:danko@ipu.hr\">danko@ipu.hr<\/a> <\/span><\/p>\n","protected":false},"excerpt":{"rendered":"<p>Danko Zeli\u0107 is a senior research adviser at the Institute of Art History, Zagreb, and has been working as a researcher at the Institute since 1989. In 1992 he defended his MA theses (Spatial Organisation of the Island of Krk in Roman Antiquity), and in 1999 his PhD theses (Emergence and Urban Development of \u0160ibenik [&hellip;]<\/p>\n","protected":false},"author":3,"featured_media":0,"parent":72,"menu_order":0,"comment_status":"closed","ping_status":"closed","template":"","meta":{"_monsterinsights_skip_tracking":false,"_monsterinsights_sitenote_active":false,"_monsterinsights_sitenote_note":"","_monsterinsights_sitenote_category":0,"footnotes":""},"class_list":["post-105","page","type-page","status-publish","hentry"],"_links":{"self":[{"href":"https:\/\/ducac.ipu.hr\/project\/wp-json\/wp\/v2\/pages\/105","targetHints":{"allow":["GET"]}}],"collection":[{"href":"https:\/\/ducac.ipu.hr\/project\/wp-json\/wp\/v2\/pages"}],"about":[{"href":"https:\/\/ducac.ipu.hr\/project\/wp-json\/wp\/v2\/types\/page"}],"author":[{"embeddable":true,"href":"https:\/\/ducac.ipu.hr\/project\/wp-json\/wp\/v2\/users\/3"}],"replies":[{"embeddable":true,"href":"https:\/\/ducac.ipu.hr\/project\/wp-json\/wp\/v2\/comments?post=105"}],"version-history":[{"count":2,"href":"https:\/\/ducac.ipu.hr\/project\/wp-json\/wp\/v2\/pages\/105\/revisions"}],"predecessor-version":[{"id":2140,"href":"https:\/\/ducac.ipu.hr\/project\/wp-json\/wp\/v2\/pages\/105\/revisions\/2140"}],"up":[{"embeddable":true,"href":"https:\/\/ducac.ipu.hr\/project\/wp-json\/wp\/v2\/pages\/72"}],"wp:attachment":[{"href":"https:\/\/ducac.ipu.hr\/project\/wp-json\/wp\/v2\/media?parent=105"}],"curies":[{"name":"wp","href":"https:\/\/api.w.org\/{rel}","templated":true}]}}