{"id":103,"date":"2015-03-26T18:20:07","date_gmt":"2015-03-26T17:20:07","guid":{"rendered":"http:\/\/ducac.ipu.hr\/project\/?page_id=103"},"modified":"2015-04-25T21:56:31","modified_gmt":"2015-04-25T20:56:31","slug":"donatella-calabi","status":"publish","type":"page","link":"https:\/\/ducac.ipu.hr\/project\/people\/donatella-calabi\/","title":{"rendered":"Donatella Calabi"},"content":{"rendered":"<h5><span lang=\"en-GB\">Donatella Calabi<\/span><\/h5>\n<p style=\"text-align: justify;\"><span lang=\"en-GB\">has been teaching since 1980 at Universit\u00e0 Iuav di Venezia; was Directeur d\u2019\u00e9tudes invit\u00e9 at l\u2019Ecole des Hautes Etudes en Sciences Sociales, Paris, Visiting Professor at Catholic University, Leuven, at British Academy, London, Honorary Fellow at University of Leicester; was holding lectures at l\u2019Universit\u00e9 de Paris VIII, l\u2019Ecole de Architecture de Paris la Villette, l\u2019Institut Fran\u00e7ais d\u2019Urbanisme, l\u2019Escuela Tecnica Superior de Arquitectura de Madrid, University of S\u00e2o Paulo and of S\u00e2o Carlos, Brazil and l\u2019Ecole des Hautes Etudes en Sciences Culturelles, Tokyo. She was Director of Summer School, Storia dell\u2019arte veneziana at Venetian International University, supported by Delmas Krieble Foundation, New York and of doctoral studies &#8220;Storia e teoria delle Arti&#8221; of Scuola di studi avanzati di Venezia. <\/span><\/p>\n<p style=\"text-align: justify;\"><span lang=\"en-GB\">D. Calabi is PI of a running Project &#8220;VISU&#8221; on Visualizing cities financed by the Veneto Region; 2010\/2011 PI with Caroline Bruzelius of the Project &#8220;Visualizing Venice&#8221; &#8220;San Giovanni e Paolo&#8221;, sponsored by Delmas Foundation and SSAV; 2010 national coordinator of the project MIUR\/Cofin su: &#8220;Citt\u00e0 costruita, citt\u00e0 progettata, citt\u00e0 virtuale: il Museo della citt\u00e0&#8221;; 2008 coordinator of Unit\u00e0 di Ricerca IUAV on &#8220;Memoria e rappresentazione della citt\u00e0. <\/span><span lang=\"it-IT\">I musei della citt\u00e0&#8221;; 2007 co-responsabile (with prof. Maria Stella Martins Bresciani) of Projeto Tematico FAPESP su &#8220;Saberes euditos e tecnico na configura\u00e7ao e reconfigura\u00e7ao do espa\u00e7o urbano. Estado de Sao Paulo, seculos XIX e XX&#8221;; 2006 national coordinator of the project MIUR \/Cofin: &#8220;Botteghe e case del mercante tra XV e XVII secolo&#8221;; 2004 national coordinator of the project FIRB: &#8220;Citt\u00e0 cosmopolite nell\u2019are mediterranea, XV-XVIII secolo&#8221;; 2003 member of the Comitato scientifico internazionale dell\u2019opera Il Rinascimento italiano e l\u2019Europa, coordinated by Luca Mol\u00e0 and Gigi Fontana and supported by Fondazione Cassamarca di Treviso, was responsabile with Ennio Concina of the volume IX (Spazi, Luoghi, Architetture) programmato per il 2009; 1999 Team Leader of the research group &#8220;Cities and Cultural Exchanges&#8221; of the Program &#8220;Cultural Exchanges&#8221; 1999-2002 European Science Foundation; and other numerous projects. <\/span><\/p>\n<p style=\"text-align: justify;\"><span lang=\"en-GB\">D. Calabi was the honorary President of European Association of Urban Historians (EAUH) and of Associazione Italiana di Storia Urbana (AISU). She is Director of series &#8220;Storia della citt\u00e0&#8221; edited by Laterza (Roma-Bari), member of Editorial board of the journal &#8220;Planning perspectives&#8221; and co-director of &#8220;Citt\u00e0 e storia&#8221;.<\/span><\/p>\n<p style=\"text-align: justify;\"><span lang=\"en-GB\">D. Calabi research interests are urban history, early modern European cities, locations of markets and places of minorities and their relations with the urban development; town planning between the 19<\/span><sup><span lang=\"en-GB\">th<\/span><\/sup><span lang=\"en-GB\"> and 20<\/span><sup><span lang=\"en-GB\">th<\/span><\/sup><span lang=\"en-GB\"> centuries.<\/span><\/p>\n<p><a href=\"http:\/\/www.iuav.it\/Ateneo1\/docenti\/architettu\/docenti-st\/Donatella-\/index.htm\"><span lang=\"en-GB\">http:\/\/www.iuav.it\/Ateneo1\/docenti\/architettu\/docenti-st\/Donatella-\/index.htm<br \/>\n<\/span><\/a><span lang=\"en-GB\"><a href=\"mailto:calabi@iuav.it\">calabi@iuav.it<\/a> <\/span><\/p>\n","protected":false},"excerpt":{"rendered":"<p>Donatella Calabi has been teaching since 1980 at Universit\u00e0 Iuav di Venezia; was Directeur d\u2019\u00e9tudes invit\u00e9 at l\u2019Ecole des Hautes Etudes en Sciences Sociales, Paris, Visiting Professor at Catholic University, Leuven, at British Academy, London, Honorary Fellow at University of Leicester; was holding lectures at l\u2019Universit\u00e9 de Paris VIII, l\u2019Ecole de Architecture de Paris la [&hellip;]<\/p>\n","protected":false},"author":3,"featured_media":0,"parent":72,"menu_order":0,"comment_status":"closed","ping_status":"closed","template":"","meta":{"_monsterinsights_skip_tracking":false,"_monsterinsights_sitenote_active":false,"_monsterinsights_sitenote_note":"","_monsterinsights_sitenote_category":0,"footnotes":""},"class_list":["post-103","page","type-page","status-publish","hentry"],"_links":{"self":[{"href":"https:\/\/ducac.ipu.hr\/project\/wp-json\/wp\/v2\/pages\/103","targetHints":{"allow":["GET"]}}],"collection":[{"href":"https:\/\/ducac.ipu.hr\/project\/wp-json\/wp\/v2\/pages"}],"about":[{"href":"https:\/\/ducac.ipu.hr\/project\/wp-json\/wp\/v2\/types\/page"}],"author":[{"embeddable":true,"href":"https:\/\/ducac.ipu.hr\/project\/wp-json\/wp\/v2\/users\/3"}],"replies":[{"embeddable":true,"href":"https:\/\/ducac.ipu.hr\/project\/wp-json\/wp\/v2\/comments?post=103"}],"version-history":[{"count":3,"href":"https:\/\/ducac.ipu.hr\/project\/wp-json\/wp\/v2\/pages\/103\/revisions"}],"predecessor-version":[{"id":2141,"href":"https:\/\/ducac.ipu.hr\/project\/wp-json\/wp\/v2\/pages\/103\/revisions\/2141"}],"up":[{"embeddable":true,"href":"https:\/\/ducac.ipu.hr\/project\/wp-json\/wp\/v2\/pages\/72"}],"wp:attachment":[{"href":"https:\/\/ducac.ipu.hr\/project\/wp-json\/wp\/v2\/media?parent=103"}],"curies":[{"name":"wp","href":"https:\/\/api.w.org\/{rel}","templated":true}]}}