{"id":100,"date":"2015-03-26T18:17:14","date_gmt":"2015-03-26T17:17:14","guid":{"rendered":"http:\/\/ducac.ipu.hr\/project\/?page_id=100"},"modified":"2015-04-25T21:55:36","modified_gmt":"2015-04-25T20:55:36","slug":"ana-plosnic-skaric","status":"publish","type":"page","link":"https:\/\/ducac.ipu.hr\/project\/people\/ana-plosnic-skaric\/","title":{"rendered":"Ana Plosni\u0107 \u0160kari\u0107"},"content":{"rendered":"<h5><span lang=\"en-GB\">Ana Plosni\u0107 \u0160kari\u0107<\/span><\/h5>\n<p style=\"text-align: justify;\"><span lang=\"en-GB\">is research assistant at the Institute of Art History, Zagreb, and has been working as a researcher at the Institute since 2000. In 2004 she defended her MA theses (Romanesque Civic Architecture in Trogir: The Example of Andreis Block) and in 2010 her PhD theses (Gothic Residential Architecture in the Town of Trogir), both supervised by Igor Fiskovi\u0107 at the Faculty of Humanities and Social Sciences, University of Zagreb. <\/span><\/p>\n<p style=\"text-align: justify;\"><span lang=\"en-GB\">A. Plosni\u0107 \u0160kari\u0107 was a team member at the projects &#8220;Medieval Architecture and Urban Development in Croatia&#8221; (2007-2014, head of the project Diana Vuki\u010devi\u0107 Samar\u017eija, from 2012 Danko Zeli\u0107) and &#8220;Artistic Heritages from Antiquity to Early modern age&#8221; (2000-2006, head of project Diana Vuki\u010devi\u0107 Samar\u017eija), both founded by the Ministry of Science, Education and Sports of the Republic of Croatia. In June, 2013 she was trained at the Digital Visualization Workshop \u201cThe Ghetto of Venice\u201d &#8211; Visualizing Venice Project, organized by the Venice International University, Universit\u00e0 IUAV di Venezia and Duke University, USA, in cooperation with UNESCO, with the support of Gladys Krieble Delmas Foundation.<\/span><\/p>\n<p style=\"text-align: justify;\"><span lang=\"en-GB\">Since 2011 she is a Member of the Editorial Board of the &#8220;Journal of the Institute of Art History \/Radovi Instituta za povijest umjetnosti&#8221; and since 2013 Member of the Editorial Board of Web Editions of the Institute of Art History: Conservational Studies \/ Mre\u017ena izdanja IPU: Konzervatorske studije.<\/span><\/p>\n<p style=\"text-align: justify;\"><span lang=\"en-GB\">A. Plosni\u0107 \u0160kari\u0107\u2019s research interests are medieval urban history, archival sources, urban development and changes of urban tissue, typology and architectural plastic of residential architecture.<\/span><\/p>\n<p><span lang=\"en-GB\"><a href=\"http:\/\/ipu-hr.academia.edu\/AnaPlosni%C4%87%C5%A0kari%C4%87\">http:\/\/www.ipu.hr\/suradnici\/znanstvenici\/26\/Ana_Plosnic_skaric<br \/>\nhttps:\/\/bib.irb.hr\/lista-radova?autor=236864<br \/>\nhttp:\/\/ipu-hr.academia.edu\/AnaPlosni%C4%87%C5%A0kari%C4%87<br \/>\n<\/a><\/span><a href=\"mailto:aplosnic@ipu.hr\"><span lang=\"en-GB\">aplosnic@ipu.hr<\/span><\/a><\/p>\n","protected":false},"excerpt":{"rendered":"<p>Ana Plosni\u0107 \u0160kari\u0107 is research assistant at the Institute of Art History, Zagreb, and has been working as a researcher at the Institute since 2000. In 2004 she defended her MA theses (Romanesque Civic Architecture in Trogir: The Example of Andreis Block) and in 2010 her PhD theses (Gothic Residential Architecture in the Town of [&hellip;]<\/p>\n","protected":false},"author":3,"featured_media":0,"parent":72,"menu_order":0,"comment_status":"closed","ping_status":"closed","template":"","meta":{"_monsterinsights_skip_tracking":false,"_monsterinsights_sitenote_active":false,"_monsterinsights_sitenote_note":"","_monsterinsights_sitenote_category":0,"footnotes":""},"class_list":["post-100","page","type-page","status-publish","hentry"],"_links":{"self":[{"href":"https:\/\/ducac.ipu.hr\/project\/wp-json\/wp\/v2\/pages\/100","targetHints":{"allow":["GET"]}}],"collection":[{"href":"https:\/\/ducac.ipu.hr\/project\/wp-json\/wp\/v2\/pages"}],"about":[{"href":"https:\/\/ducac.ipu.hr\/project\/wp-json\/wp\/v2\/types\/page"}],"author":[{"embeddable":true,"href":"https:\/\/ducac.ipu.hr\/project\/wp-json\/wp\/v2\/users\/3"}],"replies":[{"embeddable":true,"href":"https:\/\/ducac.ipu.hr\/project\/wp-json\/wp\/v2\/comments?post=100"}],"version-history":[{"count":5,"href":"https:\/\/ducac.ipu.hr\/project\/wp-json\/wp\/v2\/pages\/100\/revisions"}],"predecessor-version":[{"id":2139,"href":"https:\/\/ducac.ipu.hr\/project\/wp-json\/wp\/v2\/pages\/100\/revisions\/2139"}],"up":[{"embeddable":true,"href":"https:\/\/ducac.ipu.hr\/project\/wp-json\/wp\/v2\/pages\/72"}],"wp:attachment":[{"href":"https:\/\/ducac.ipu.hr\/project\/wp-json\/wp\/v2\/media?parent=100"}],"curies":[{"name":"wp","href":"https:\/\/api.w.org\/{rel}","templated":true}]}}